{"id":1484,"date":"2016-11-18T10:33:36","date_gmt":"2016-11-18T09:33:36","guid":{"rendered":"https:\/\/www.morchem.com\/cookie-policy\/"},"modified":"2025-04-14T16:19:17","modified_gmt":"2025-04-14T15:19:17","slug":"politica-de-cookies","status":"publish","type":"page","link":"https:\/\/www.morchem.com\/es\/politica-de-cookies\/","title":{"rendered":"Pol\u00edtica de Cookies"},"content":{"rendered":"\n<style type=\"text\/css\" data-created_by=\"avia_inline_auto\" id=\"style-css-av-lsa64-8f26d827c40b3b3436a738d45e3aee2d\">\n.flex_column.av-lsa64-8f26d827c40b3b3436a738d45e3aee2d{\nborder-radius:0px 0px 0px 0px;\npadding:0px 0px 0px 0px;\n}\n<\/style>\n<div  class='flex_column av-lsa64-8f26d827c40b3b3436a738d45e3aee2d av_three_fourth  avia-builder-el-0  avia-builder-el-no-sibling  first flex_column_div av-zero-column-padding  '     ><p>\n<style type=\"text\/css\" data-created_by=\"avia_inline_auto\" id=\"style-css-av-4vz4f0-d32b7154d798e7ff68afb5d8d227196d\">\n#top .av-special-heading.av-4vz4f0-d32b7154d798e7ff68afb5d8d227196d{\npadding-bottom:10px;\n}\nbody .av-special-heading.av-4vz4f0-d32b7154d798e7ff68afb5d8d227196d .av-special-heading-tag .heading-char{\nfont-size:25px;\n}\n.av-special-heading.av-4vz4f0-d32b7154d798e7ff68afb5d8d227196d .av-subheading{\nfont-size:15px;\n}\n<\/style>\n<div  class='av-special-heading av-4vz4f0-d32b7154d798e7ff68afb5d8d227196d av-special-heading-h3  avia-builder-el-1  el_before_av_textblock  avia-builder-el-first '><h3 class='av-special-heading-tag '  itemprop=\"headline\"  >POL\u00cdTICA DE COOKIES<\/h3><div class=\"special-heading-border\"><div class=\"special-heading-inner-border\"><\/div><\/div><\/div><br \/>\n<section  class='av_textblock_section av-jieauca0-3eb4784e405905ceccbf9e58821cb35e '   itemscope=\"itemscope\" itemtype=\"https:\/\/schema.org\/CreativeWork\" ><div class='avia_textblock'  itemprop=\"text\" ><p><strong>POL\u00cdTICA DE COOKIES <\/strong> <strong>actualizada el 09\/06\/2022<\/strong><\/p>\n<p>La presente Pol\u00edtica de Cookies explica qu\u00e9 son las cookies y c\u00f3mo las usamos. Por favor, lea nuestra pol\u00edtica para saber qu\u00e9 son las cookies, c\u00f3mo las usamos, el tipo de cookies que usamos, es decir, el tipo de informaci\u00f3n que recogemos mediante las cookies, el uso que le damos y la gesti\u00f3n de las preferencias que hacemos. Encontrar\u00e1 m\u00e1s informaci\u00f3n sobre c\u00f3mo usamos, guardamos y mantenemos sus datos personales, en el apartado Pol\u00edtica de Privacidad.<br \/>\nEn cualquier momento puede modificar o revocar su consentimiento a trav\u00e9s de la Declaraci\u00f3n de cookies de nuestro sitio web.<\/p>\n<p>Encontrar\u00e1 m\u00e1s informaci\u00f3n sobre nuestra empresa, c\u00f3mo ponerse en contacto con nosotros o c\u00f3mo tratamos sus datos personales, en el apartado Pol\u00edtica de Privacidad.<\/p>\n<p>Su consentimiento se aplica a los dominios siguientes: <a href=\"https:\/\/morchem.com\">morchem.com<\/a><\/p>\n<p><strong>1. \u00bfQU\u00c9 ES UNA COOKIE?<\/strong><\/p>\n<p>Las cookies son peque\u00f1os ficheros de texto que se utilizan para guardar peque\u00f1as cantidades de informaci\u00f3n. Se alojan en su dispositivo en el momento que accede a nuestra p\u00e1gina web mediante su navegador. Estas cookies contribuyen al buen funcionamiento del sitio, lo hacen m\u00e1s seguro, facilitan la navegaci\u00f3n y proporcionan informaci\u00f3n sobre el rendimiento del sitio que permite detectar lo que funciona bien y lo que hay que mejorar.<\/p>\n<p>En esta Pol\u00edtica de cookies, utilizamos la palabra \u2018cookie\u2019 para referirnos a todos los archivos que almacenan informaci\u00f3n de esta manera.<\/p>\n<p><strong>2. \u00bfC\u00d3MO UTILIZAMOS LAS COOKIES?<\/strong><\/p>\n<p>Igual que la mayor\u00eda de servicios online, nuestro sitio utiliza cookies de origen y cookies de terceros para m\u00faltiples fines. Las cookies de origen son necesarias para el correcto funcionamiento del sitio web y no recogen ninguno de sus datos personales identificables.<\/p>\n<p>Las cookies de terceros que usa nuestro sitio permiten principalmente conocer el rendimiento de la web y el comportamiento de sus usuarios al navegar, garantizar la seguridad de nuestros servicios, presentar los anuncios interesantes para usted y, en general, ofrecerle una navegaci\u00f3n mejor y m\u00e1s eficaz cuando vuelva a utilizar nuestro sitio web en futuras ocasiones.<\/p>\n<p><strong>3. \u00bfQU\u00c9 TIPO DE COOKIES UTILIZAMOS?<\/strong><\/p>\n<p>Las cookies pueden diferenciarse teniendo en cuenta las distintas funciones para las que se empleen, su duraci\u00f3n o qui\u00e9n las gestiona. Es importante tener en cuenta que una misma cookie puede pertenecer a diversas categor\u00edas. A continuaci\u00f3n, el usuario encontrar\u00e1 una descripci\u00f3n de las cookies empleadas por en el presente sitio web:<\/p>\n<p><strong>Cookies t\u00e9cnicas<\/strong><\/p>\n<p>Son cookies t\u00e9cnicas aquellas que permiten al usuario la navegaci\u00f3n a trav\u00e9s del sitio web y la utilizaci\u00f3n de las diferentes opciones o servicios que el mismo ofrece. Nuestro Sitio web emplea cookies t\u00e9cnicas, algunas de las cuales son esenciales para el funcionamiento del sitio web, como, por ejemplo, las cookies que nos permiten identificar a los usuarios de manera que puedan entrar en su acceso privado o mantener la sesi\u00f3n con el servidor. Si el usuario decide no habilitar estas cookies, puede que la navegaci\u00f3n por el sitio web no sea posible o resulte mucho menos satisfactoria.<\/p>\n<p><strong>Cookies de an\u00e1lisis<\/strong><\/p>\n<p>Las cookies de an\u00e1lisis permiten obtener informaci\u00f3n gen\u00e9rica sobre los accesos de los usuarios al sitio web con el fin de proporcionar informaci\u00f3n agregada de los mismos con fines estad\u00edsticos. Este tipo de cookies se emplean para analizar c\u00f3mo navegan los usuarios por el sitio web y monitorizar el rendimiento del mismo. Adicionalmente, las herramientas utilizadas para obtener estad\u00edsticas de uso del sitio web ofrecen la posibilidad de obtener un nivel de detalle cada vez m\u00e1s alto sobre el comportamiento de los visitantes y usuarios del sitio web. Estos datos pueden recogerse, tratarse y conservarse asociados a una direcci\u00f3n IP o a un usuario determinado o bien ser sometidos a un proceso de disociaci\u00f3n con el fin de obtener conclusiones basadas en datos an\u00f3nimos.<br \/>\nLa informaci\u00f3n recogida a trav\u00e9s de cookies puede incluir, entre otros datos, la direcci\u00f3n IP que identifica el ordenador en ese momento, la fecha y hora del acceso y las \u00e1reas del sitio web que se visitan. La finalidad de esta recogida de datos es supervisar el uso y la utilidad de nuestro sitio web, con fines estad\u00edsticos y de seguridad<\/p>\n<p><strong>Cookies propias<\/strong><\/p>\n<p>Son las cookies enviadas a su terminal desde un equipo o dominio gestionado por Morchem y desde el que se presta el servicio solicitado.<\/p>\n<p><strong>Cookies de personalizaci\u00f3n<\/strong><\/p>\n<p>Usamos cookies de funcionalidad para recordar sus preferencias. Por ejemplo, recordamos cambios que haya hecho en las preferencias de su cuenta.<\/p>\n<p>Las cookies tambi\u00e9n pueden ser utilizadas para recordar la configuraci\u00f3n y las preferencias del usuario en cuanto al dise\u00f1o, los colores y las zonas o men\u00fas que desea tener m\u00e1s accesibles en la pantalla de inicio.<\/p>\n<p><strong>Cookies de publicidad<\/strong><\/p>\n<p>Utilizamos estas cookies para gestionar, de la forma m\u00e1s eficaz posible, los espacios publicitarios de la web en base a criterios como el contenido editado o la frecuencia en la que se muestran los anuncios.<\/p>\n<p><strong>4. \u00bfQU\u00c9 COOKIES PODR\u00c1S ENCONTRAR EN NUESTRO SITIO WEB?<\/strong><\/p>\n<table border=\"1\">\n<thead>\n<tr>\n<th>Nombre de la cookie<\/th>\n<th>Dominio<\/th>\n<th>Descripci\u00f3n<\/th>\n<th>Duraci\u00f3n<\/th>\n<th>Categor\u00eda<\/th>\n<\/tr>\n<\/thead>\n<tbody>\n<tr>\n<td>wpml_browser_redirect_test<\/td>\n<td>www.morchem.com<\/td>\n<td>Esta cookie es establecida por el plugin WPML de WordPress y se utiliza para comprobar si las cookies est\u00e1n habilitadas en el navegador.<\/td>\n<td>sesi\u00f3n<\/td>\n<td>Funcional<\/td>\n<\/tr>\n<tr>\n<td>_icl_visitor_lang_js<\/td>\n<td>.www.morchem.com<\/td>\n<td>WPML establece esta cookie para almacenar el idioma redirigido.<\/td>\n<td>1 d\u00eda<\/td>\n<td>Funcional<\/td>\n<\/tr>\n<tr>\n<td>_ga<\/td>\n<td>.morchem.com<\/td>\n<td>La cookie _ga, instalada por Google Analytics, calcula datos de visitantes, sesiones y campa\u00f1as, y tambi\u00e9n realiza un seguimiento del uso del sitio. Almacena informaci\u00f3n de forma an\u00f3nima y asigna un n\u00famero generado aleatoriamente para reconocer a los visitantes \u00fanicos.<\/td>\n<td>1 a\u00f1o, 1 mes y 4 d\u00edas<\/td>\n<td>Anal\u00edtica<\/td>\n<\/tr>\n<tr>\n<td>_gid<\/td>\n<td>.morchem.com<\/td>\n<td>Instalada por Google Analytics, la cookie _gid almacena informaci\u00f3n sobre c\u00f3mo los usuarios utilizan un sitio web y crea un informe anal\u00edtico del rendimiento. Recoge datos como el n\u00famero de visitantes, su procedencia y las p\u00e1ginas que visitan de forma an\u00f3nima.<\/td>\n<td>1 d\u00eda<\/td>\n<td>Anal\u00edtica<\/td>\n<\/tr>\n<tr>\n<td>_gat<\/td>\n<td>.morchem.com<\/td>\n<td>Esta cookie es instalada por Google Universal Analytics para limitar la tasa de solicitudes y as\u00ed restringir la recopilaci\u00f3n de datos en sitios con mucho tr\u00e1fico.<\/td>\n<td>1 minuto<\/td>\n<td>Rendimiento<\/td>\n<\/tr>\n<tr>\n<td>rc::a<\/td>\n<td>google.com<\/td>\n<td>Esta cookie es establecida por el servicio reCAPTCHA de Google para identificar bots y proteger el sitio web contra ataques de spam maliciosos.<\/td>\n<td>nunca<\/td>\n<td>Necesaria<\/td>\n<\/tr>\n<tr>\n<td>rc::c<\/td>\n<td>google.com<\/td>\n<td>Esta cookie es establecida por el servicio reCAPTCHA de Google para identificar bots y proteger el sitio web contra ataques de spam maliciosos.<\/td>\n<td>sesi\u00f3n<\/td>\n<td>Necesaria<\/td>\n<\/tr>\n<\/tbody>\n<\/table>\n<p><strong>5. \u00bfC\u00d3MO PUEDO DESACTIVAR Y BLOQUEAR COOKIES?<\/strong><\/p>\n<p>Puede desactivar o bloquear las cookies en cualquier momento, modificando la configuraci\u00f3n del navegador, que le permitir\u00e1n rechazar todas o algunas de las cookies. Aunque rechace las cookies, podr\u00e1 navegar por el portal, con alguna limitaci\u00f3n en cuanto a los servicios que se ofrecen, resultando en una experiencia menos satisfactoria para usted.<\/p>\n<p><strong>6. \u00bfC\u00d3MO PUEDO REVOCAR MI CONSENTIMIENTO?<\/strong><\/p>\n<p>Puede configurar sus opciones de cookies haciendo clic en el bot\u00f3n \u00abConfiguraci\u00f3n\u00bb y activando o desactivando las categor\u00edas de cookies que aparecen en una ventana emergente seg\u00fan sus preferencias.<\/p>\n<p>Si desea cambiar la configuraci\u00f3n m\u00e1s adelante una vez iniciada su sesi\u00f3n de navegaci\u00f3n, seleccione la pesta\u00f1a \u00abPol\u00edtica de privacidad y cookies\u00bb de su pantalla. Se mostrar\u00e1 de nuevo el aviso de consentimiento que le permitir\u00e1 cambiar sus preferencias o revocar el consentimiento por completo.<\/p>\n<p>Adem\u00e1s, los distintos navegadores ofrecen diferentes m\u00e9todos para bloquear y eliminar las cookies utilizadas por los sitios web. Puede cambiar la configuraci\u00f3n de su navegador para bloquear\/eliminar las cookies. Encontrar\u00e1 m\u00e1s informaci\u00f3n sobre c\u00f3mo administrar y eliminar las cookies en <a href=\"https:\/\/en.wikipedia.org\/wiki\/HTTP_cookie\" target=\"_blank\" rel=\"nofollow noopener\">wikipedia.org<\/a>, <a href=\"http:\/\/www.allaboutcookies.org\/\" target=\"_blank\" rel=\"nofollow noopener\">www.allaboutcookies.org.<\/a><\/p>\n<p><strong>7. \u00bfC\u00d3MO PUEDO ADMINISTRAR Y CONFIGURAR LAS COOKIES?<\/strong><\/p>\n<p>Puede permitir, bloquear o eliminar las cookies instaladas en su equipo mediante la configuraci\u00f3n de las opciones del navegador instalado en su ordenador. Para m\u00e1s informaci\u00f3n sobre las opciones de configuraci\u00f3n de las cookies en los siguientes navegadores, siga los enlaces correspondientes:<\/p>\n<p>Internet Explorer<\/p>\n<ul>\n<li><a href=\"https:\/\/support.microsoft.com\/en-gb\/help\/17442\/windows-internet-explorer-delete-manage-cookies\">https:\/\/support.microsoft.com\/en-gb\/help\/17442\/windows-internet-explorer-delete-manage-cookies<\/a><\/li>\n<\/ul>\n<p>Firefox<\/p>\n<ul>\n<li><a href=\"https:\/\/support.mozilla.org\/en-US\/kb\/enable-and-disable-cookies-website-preferences\">https:\/\/support.mozilla.org\/en-US\/kb\/enable-and-disable-cookies-website-preferences<\/a><\/li>\n<\/ul>\n<p>Chrome<\/p>\n<ul>\n<li><a href=\"http:\/\/support.google.com\/chrome\/bin\/answer.py?hl=en&amp;answer=95647\">http:\/\/support.google.com\/chrome\/bin\/answer.py?hl=en&amp;answer=95647<\/a><\/li>\n<\/ul>\n<p>Safari<\/p>\n<ul>\n<li><a href=\"https:\/\/support.apple.com\/kb\/PH19214?viewlocale=es_ES&amp;locale=es_ES\">https:\/\/support.apple.com\/en-gb\/guide\/safari\/manage-cookies-and-website-data-sfri11471\/mac<\/a><\/li>\n<\/ul>\n<p>Opera<\/p>\n<ul>\n<li><a href=\"https:\/\/www.opera.com\/help\/tutorials\/security\/privacy\/\">https:\/\/www.opera.com\/help\/tutorials\/security\/privacy<\/a><\/li>\n<\/ul>\n<p><strong>7. CONTACTO<\/strong><\/p>\n<p>Si tiene alguna pregunta, comentario o sugerencia sobre la Pol\u00edtica de cookies, puede escribirnos a <a href=\"mailto:Info-NotifyGDPR@morchem.com\">Info-NotifyGDPR@morchem.com<\/a>.<\/p>\n<\/div><\/section><br \/>\n<div  class='avia-button-wrap av-2zaccs-6f92a4a75ba247fff33480c95b53c673-wrap avia-button-left  avia-builder-el-3  el_after_av_textblock  avia-builder-el-last '><a href='https:\/\/www.morchem.com\/es\/'  class='avia-button av-2zaccs-6f92a4a75ba247fff33480c95b53c673 av-link-btn avia-icon_select-yes-left-icon avia-size-medium avia-position-left avia-color-theme-color'   aria-label=\"Volver a inicio\"><span class='avia_button_icon avia_button_icon_left avia-iconfont avia-font-entypo-fontello' data-av_icon='\ue830' data-av_iconfont='entypo-fontello' ><\/span><span class='avia_iconbox_title' >Volver a inicio<\/span><\/a><\/div><\/p><\/div>\n","protected":false},"excerpt":{"rendered":"","protected":false},"author":1,"featured_media":0,"parent":0,"menu_order":0,"comment_status":"closed","ping_status":"closed","template":"","meta":{"footnotes":""},"class_list":["post-1484","page","type-page","status-publish","hentry"],"_links":{"self":[{"href":"https:\/\/www.morchem.com\/es\/wp-json\/wp\/v2\/pages\/1484","targetHints":{"allow":["GET"]}}],"collection":[{"href":"https:\/\/www.morchem.com\/es\/wp-json\/wp\/v2\/pages"}],"about":[{"href":"https:\/\/www.morchem.com\/es\/wp-json\/wp\/v2\/types\/page"}],"author":[{"embeddable":true,"href":"https:\/\/www.morchem.com\/es\/wp-json\/wp\/v2\/users\/1"}],"replies":[{"embeddable":true,"href":"https:\/\/www.morchem.com\/es\/wp-json\/wp\/v2\/comments?post=1484"}],"version-history":[{"count":22,"href":"https:\/\/www.morchem.com\/es\/wp-json\/wp\/v2\/pages\/1484\/revisions"}],"predecessor-version":[{"id":7748,"href":"https:\/\/www.morchem.com\/es\/wp-json\/wp\/v2\/pages\/1484\/revisions\/7748"}],"wp:attachment":[{"href":"https:\/\/www.morchem.com\/es\/wp-json\/wp\/v2\/media?parent=1484"}],"curies":[{"name":"wp","href":"https:\/\/api.w.org\/{rel}","templated":true}]}}