{"id":1466,"date":"2017-04-11T12:46:59","date_gmt":"2017-04-11T11:46:59","guid":{"rendered":"https:\/\/www.morchem.com\/?page_id=1466\/"},"modified":"2022-09-23T13:15:06","modified_gmt":"2022-09-23T12:15:06","slug":"atencion-al-cliente-7","status":"publish","type":"page","link":"https:\/\/www.morchem.com\/es\/atencion-al-cliente-7\/","title":{"rendered":"Atenci\u00f3n al Cliente"},"content":{"rendered":"<div id='full_slider_1'  class='avia-fullwidth-slider main_color avia-shadow   avia-builder-el-0  el_before_av_hr  avia-builder-el-first   container_wrap sidebar_right'  >\n<style type=\"text\/css\" data-created_by=\"avia_inline_auto\" id=\"style-css-av-yd17kq-b08bee1107c6aa8d0932b4b2c9113065\">\n#top #wrap_all .avia-slideshow .av-slideshow-caption.av-yd17kq-b08bee1107c6aa8d0932b4b2c9113065__1 .avia-caption-title{\nfont-size:45px;\n}\n<\/style>\n<div  class='avia-slideshow av-yd17kq-b08bee1107c6aa8d0932b4b2c9113065 avia-slideshow-featured av_slideshow_full avia-fade-slider av-slideshow-ui av-control-hidden av-no-slider-navigation av-hide-nav-arrows av-slideshow-manual av-loop-once av-loop-manual-endless av-default-height-applied   avia-slideshow-1' data-slideshow-options=\"{&quot;animation&quot;:&quot;fade&quot;,&quot;autoplay&quot;:false,&quot;loop_autoplay&quot;:&quot;once&quot;,&quot;interval&quot;:5,&quot;loop_manual&quot;:&quot;manual-endless&quot;,&quot;autoplay_stopper&quot;:false,&quot;noNavigation&quot;:true,&quot;bg_slider&quot;:false,&quot;keep_padding&quot;:false,&quot;hoverpause&quot;:false,&quot;show_slide_delay&quot;:0}\"  itemprop=\"image\" itemscope=\"itemscope\" itemtype=\"https:\/\/schema.org\/ImageObject\" ><ul class='avia-slideshow-inner ' style='padding-bottom: 26.666666666667%;'><li  class='avia-slideshow-slide av-yd17kq-b08bee1107c6aa8d0932b4b2c9113065__0  slide-1 slide-odd'><div data-rel='slideshow-1' class='avia-slide-wrap '   ><img decoding=\"async\" fetchpriority=\"high\" class=\"wp-image-6169 avia-img-lazy-loading-not-6169\"  src=\"https:\/\/www.morchem.com\/wp-content\/uploads\/2022\/06\/customer-care-header-2017-1500x400-1.jpg\" width=\"1500\" height=\"400\" title='customer-care-header-2017-1500x400' alt=''  itemprop=\"thumbnailUrl\"  style='min-height:250px; min-width:938px; ' srcset=\"https:\/\/www.morchem.com\/wp-content\/uploads\/2022\/06\/customer-care-header-2017-1500x400-1.jpg 1500w, https:\/\/www.morchem.com\/wp-content\/uploads\/2022\/06\/customer-care-header-2017-1500x400-1-300x80.jpg 300w, https:\/\/www.morchem.com\/wp-content\/uploads\/2022\/06\/customer-care-header-2017-1500x400-1-1030x275.jpg 1030w, https:\/\/www.morchem.com\/wp-content\/uploads\/2022\/06\/customer-care-header-2017-1500x400-1-768x205.jpg 768w, https:\/\/www.morchem.com\/wp-content\/uploads\/2022\/06\/customer-care-header-2017-1500x400-1-705x188.jpg 705w\" sizes=\"(max-width: 1500px) 100vw, 1500px\" \/><\/div><\/li><li  class='avia-slideshow-slide av-yd17kq-b08bee1107c6aa8d0932b4b2c9113065__1  slide-2 slide-even'><div data-rel='slideshow-1' class='avia-slide-wrap '   ><img decoding=\"async\" fetchpriority=\"high\" class=\"wp-image-611 avia-img-lazy-loading-not-611\"  src=\"https:\/\/www.morchem.com\/wp-content\/uploads\/2016\/11\/customer-care-header-1-1500x400.jpg\" width=\"1500\" height=\"400\" title='customer-care-header' alt=''  itemprop=\"thumbnailUrl\"  style='min-height:250px; min-width:938px; ' srcset=\"https:\/\/www.morchem.com\/wp-content\/uploads\/2016\/11\/customer-care-header-1.jpg 1500w, https:\/\/www.morchem.com\/wp-content\/uploads\/2016\/11\/customer-care-header-1-300x80.jpg 300w, https:\/\/www.morchem.com\/wp-content\/uploads\/2016\/11\/customer-care-header-1-768x205.jpg 768w, https:\/\/www.morchem.com\/wp-content\/uploads\/2016\/11\/customer-care-header-1-1030x275.jpg 1030w, https:\/\/www.morchem.com\/wp-content\/uploads\/2016\/11\/customer-care-header-1-705x188.jpg 705w, https:\/\/www.morchem.com\/wp-content\/uploads\/2016\/11\/customer-care-header-1-450x120.jpg 450w\" sizes=\"(max-width: 1500px) 100vw, 1500px\" \/><div class='av-section-color-overlay' style='opacity: 0.2; background-color: #000000; '><\/div><\/div><\/li><\/ul><div class='avia-slideshow-arrows avia-slideshow-controls' ><a href='#prev' class='prev-slide  avia-svg-icon avia-font-svg_entypo-fontello' data-av_svg_icon='left-open-big' data-av_iconset='svg_entypo-fontello' tabindex='-1' title=\"Anterior\"><svg version=\"1.1\" xmlns=\"http:\/\/www.w3.org\/2000\/svg\" width=\"15\" height=\"32\" viewBox=\"0 0 15 32\" preserveAspectRatio=\"xMidYMid meet\" aria-labelledby='av-svg-title-1' aria-describedby='av-svg-desc-1' role=\"graphics-symbol\" aria-hidden=\"true\">\n<title id='av-svg-title-1'>Anterior<\/title>\n<desc id='av-svg-desc-1'>Anterior<\/desc>\n<path d=\"M14.464 27.84q0.832 0.832 0 1.536-0.832 0.832-1.536 0l-12.544-12.608q-0.768-0.768 0-1.6l12.544-12.608q0.704-0.832 1.536 0 0.832 0.704 0 1.536l-11.456 11.904z\"><\/path>\n<\/svg><span class='avia_hidden_link_text'>Anterior<\/span><\/a><a href='#next' class='next-slide  avia-svg-icon avia-font-svg_entypo-fontello' data-av_svg_icon='right-open-big' data-av_iconset='svg_entypo-fontello' tabindex='-1' title=\"Posterior\"><svg version=\"1.1\" xmlns=\"http:\/\/www.w3.org\/2000\/svg\" width=\"15\" height=\"32\" viewBox=\"0 0 15 32\" preserveAspectRatio=\"xMidYMid meet\" aria-labelledby='av-svg-title-2' aria-describedby='av-svg-desc-2' role=\"graphics-symbol\" aria-hidden=\"true\">\n<title id='av-svg-title-2'>Posterior<\/title>\n<desc id='av-svg-desc-2'>Posterior<\/desc>\n<path d=\"M0.416 27.84l11.456-11.84-11.456-11.904q-0.832-0.832 0-1.536 0.832-0.832 1.536 0l12.544 12.608q0.768 0.832 0 1.6l-12.544 12.608q-0.704 0.832-1.536 0-0.832-0.704 0-1.536z\"><\/path>\n<\/svg><span class='avia_hidden_link_text'>Posterior<\/span><\/a><\/div><div class='av-slideshow-caption av-yd17kq-b08bee1107c6aa8d0932b4b2c9113065__0 caption_fullwidth caption_right caption_right_framed caption_framed'><div class=\"container caption_container\"><div class=\"slideshow_caption\"><div class=\"slideshow_inner_caption\"><div class=\"slideshow_align_caption\"><h2 class='avia-caption-title '  itemprop=\"name\" >Atenci\u00f3n al cliente | Servicio t\u00e9cnico<\/h2><\/div><\/div><\/div><\/div><\/div><\/div><\/div><div id='after_full_slider_1'  class='main_color av_default_container_wrap container_wrap sidebar_right'  ><div class='container av-section-cont-open' ><div class='template-page content  av-content-small alpha units'><div class='post-entry post-entry-type-page post-entry-1466'><div class='entry-content-wrapper clearfix'>\n\n<style type=\"text\/css\" data-created_by=\"avia_inline_auto\" id=\"style-css-av-tnhlmy-937951826e4ed1230dac8d0ef72e9eea\">\n#top .hr.hr-invisible.av-tnhlmy-937951826e4ed1230dac8d0ef72e9eea{\nheight:25px;\n}\n<\/style>\n<div  class='hr av-tnhlmy-937951826e4ed1230dac8d0ef72e9eea hr-invisible  avia-builder-el-1  el_after_av_slideshow_full  el_before_av_two_fifth  avia-builder-el-first '><span class='hr-inner '><span class=\"hr-inner-style\"><\/span><\/span><\/div>\n\n<style type=\"text\/css\" data-created_by=\"avia_inline_auto\" id=\"style-css-av-ri13u2-4b2895853eb7934c9483925f1261a9ce\">\n.flex_column.av-ri13u2-4b2895853eb7934c9483925f1261a9ce{\nborder-radius:0px 0px 0px 0px;\npadding:0px 0px 0px 0px;\n}\n<\/style>\n<div  class='flex_column av-ri13u2-4b2895853eb7934c9483925f1261a9ce av_two_fifth  avia-builder-el-2  el_after_av_hr  el_before_av_three_fifth  first flex_column_div av-zero-column-padding  '     ><p>\n<style type=\"text\/css\" data-created_by=\"avia_inline_auto\" id=\"style-css-av-p654p6-9793321b323d5a08c83c984ff9238dc7\">\n#top .av-special-heading.av-p654p6-9793321b323d5a08c83c984ff9238dc7{\npadding-bottom:10px;\ncolor:#000000;\n}\nbody .av-special-heading.av-p654p6-9793321b323d5a08c83c984ff9238dc7 .av-special-heading-tag .heading-char{\nfont-size:25px;\n}\n.av-special-heading.av-p654p6-9793321b323d5a08c83c984ff9238dc7 .special-heading-inner-border{\nborder-color:#000000;\n}\n.av-special-heading.av-p654p6-9793321b323d5a08c83c984ff9238dc7 .av-subheading{\nfont-size:15px;\n}\n<\/style>\n<div  class='av-special-heading av-p654p6-9793321b323d5a08c83c984ff9238dc7 av-special-heading-h3 custom-color-heading  avia-builder-el-3  el_before_av_textblock  avia-builder-el-first '><h3 class='av-special-heading-tag '  itemprop=\"headline\"  >Atenci\u00f3n al cliente | Servicio t\u00e9cnico<\/h3><div class=\"special-heading-border\"><div class=\"special-heading-inner-border\"><\/div><\/div><\/div><br \/>\n\n<style type=\"text\/css\" data-created_by=\"avia_inline_auto\" id=\"style-css-av-nn8r0a-b4865b363cadffe7502de8f9cfe17bdd\">\n#top .av_textblock_section.av-nn8r0a-b4865b363cadffe7502de8f9cfe17bdd .avia_textblock{\nfont-size:16px;\n}\n<\/style>\n<section  class='av_textblock_section av-nn8r0a-b4865b363cadffe7502de8f9cfe17bdd '   itemscope=\"itemscope\" itemtype=\"https:\/\/schema.org\/CreativeWork\" ><div class='avia_textblock'  itemprop=\"text\" ><p>En Morchem damos respuesta a las necesidades de su negocio y de su aplicaci\u00f3n. Nuestra estrategia es colaborativa, innovadora y atrevida. Si no encuentra la informaci\u00f3n que necesita en nuestra p\u00e1gina web, p\u00f3ngase en contacto con nosotros y responderemos a sus consultas con mucho gusto.<\/p>\n<p>Estamos dispuestos a trabajar con usted para encontrar la mejor soluci\u00f3n o servicio.<\/p>\n<\/div><\/section><\/p><\/div>\n\n<style type=\"text\/css\" data-created_by=\"avia_inline_auto\" id=\"style-css-av-mvpvpm-a072137a9bbb4cffcc8a69187709e853\">\n.flex_column.av-mvpvpm-a072137a9bbb4cffcc8a69187709e853{\nborder-radius:0px 0px 0px 0px;\npadding:0px 0px 0px 0px;\n}\n<\/style>\n<div  class='flex_column av-mvpvpm-a072137a9bbb4cffcc8a69187709e853 av_three_fifth  avia-builder-el-5  el_after_av_two_fifth  el_before_av_image  flex_column_div av-animated-generic left-to-right av-zero-column-padding  '     ><p>\n<style type=\"text\/css\" data-created_by=\"avia_inline_auto\" id=\"style-css-av-k8r10a-e0920f6d4706e22e9d80a4ee77748035\">\n#top .av-special-heading.av-k8r10a-e0920f6d4706e22e9d80a4ee77748035{\npadding-bottom:10px;\ncolor:#000000;\n}\nbody .av-special-heading.av-k8r10a-e0920f6d4706e22e9d80a4ee77748035 .av-special-heading-tag .heading-char{\nfont-size:25px;\n}\n.av-special-heading.av-k8r10a-e0920f6d4706e22e9d80a4ee77748035 .special-heading-inner-border{\nborder-color:#000000;\n}\n.av-special-heading.av-k8r10a-e0920f6d4706e22e9d80a4ee77748035 .av-subheading{\nfont-size:15px;\n}\n<\/style>\n<div  class='av-special-heading av-k8r10a-e0920f6d4706e22e9d80a4ee77748035 av-special-heading-h3 custom-color-heading  avia-builder-el-6  el_before_av_contact  avia-builder-el-first '><h3 class='av-special-heading-tag '  itemprop=\"headline\"  >Formulario de contacto<\/h3><div class=\"special-heading-border\"><div class=\"special-heading-inner-border\"><\/div><\/div><\/div><br \/>\n<form action=\"https:\/\/www.morchem.com\/es\/atencion-al-cliente-7\/\" method=\"post\" data-fields-with-error=\"Found errors in the following field(s):\" class=\"avia_ajax_form av-form-labels-visible   avia-builder-el-7  el_after_av_heading  avia-builder-el-last   \" data-avia-form-id=\"1\" data-avia-redirect='' ><fieldset><p class='  first_form  form_element form_element_third' id='element_avia_1_1'><label for=\"avia_1_1\">Su nombre  <abbr class=\"required\" title=\"requerido\">*<\/abbr><\/label> <input name=\"avia_1_1\" class=\"text_input is_empty\" type=\"text\" id=\"avia_1_1\" value=\"\" \/><\/p><p class='  form_element form_element_third' id='element_avia_2_1'><label for=\"avia_2_1\">Nombre de su empresa <abbr class=\"required\" title=\"requerido\">*<\/abbr><\/label> <input name=\"avia_2_1\" class=\"text_input is_empty\" type=\"text\" id=\"avia_2_1\" value=\"\" \/><\/p><p class='  form_element form_element_third' id='element_avia_3_1'><label for=\"avia_3_1\">Pa\u00eds <abbr class=\"required\" title=\"requerido\">*<\/abbr><\/label> <input name=\"avia_3_1\" class=\"text_input is_empty\" type=\"text\" id=\"avia_3_1\" value=\"\" \/><\/p><p class='  first_form  form_element form_element_third' id='element_avia_4_1'><label for=\"avia_4_1\">E-Mail <abbr class=\"required\" title=\"requerido\">*<\/abbr><\/label> <input name=\"avia_4_1\" class=\"text_input is_email\" type=\"text\" id=\"avia_4_1\" value=\"\" \/><\/p><p class='  form_element form_element_third' id='element_avia_5_1'><label for=\"avia_5_1\">Tel\u00e9fono <abbr class=\"required\" title=\"requerido\">*<\/abbr><\/label> <input name=\"avia_5_1\" class=\"text_input is_empty\" type=\"text\" id=\"avia_5_1\" value=\"\" \/><\/p><p class='  form_element form_element_third' id='element_avia_6_1'><label for=\"avia_6_1\">Sector\/Mercado <abbr class=\"required\" title=\"requerido\">*<\/abbr><\/label><select  name=\"avia_6_1\" class=\"select is_empty\" id=\"avia_6_1\"><option   value='Flexible Packaging'>Flexible Packaging<\/option><option   value='Textile Lamination'>Textile Lamination<\/option><option   value='Industrial Lamination'>Industrial Lamination<\/option><option   value='PU Ink Resins'>PU Ink Resins<\/option><\/select><\/p><p class='  first_form  form_element form_element_half' id='element_avia_7_1'><label for=\"avia_7_1\">\u00bfQu\u00e9 desea? <abbr class=\"required\" title=\"requerido\">*<\/abbr><\/label><select multiple name=\"avia_7_1\" class=\"select is_empty av-multi-select\" id=\"avia_7_1\"><option   value='Informaci\u00f3n sobre un producto o soluci\u00f3n'>Informaci\u00f3n sobre un producto o soluci\u00f3n<\/option><option   value='Adquirir productos'>Adquirir productos<\/option><option   value='Consultas t\u00e9cnicas'>Consultas t\u00e9cnicas<\/option><option   value='Otros'>Otros<\/option><\/select><\/p><p class='  form_element form_element_half' id='element_avia_8_1'><label for=\"avia_8_1\" class=\"textare_label hidden textare_label_avia_8_1\">Si ha marcado \"Otros\", por favor indique el motivo de su consulta.<\/label><textarea  name=\"avia_8_1\" class=\"text_area \" cols=\"40\" rows=\"7\" id=\"avia_8_1\" ><\/textarea><\/p><p class='  first_form  form_element form_fullwidth' id='element_avia_9_1'><label for=\"avia_9_1\" class=\"textare_label hidden textare_label_avia_9_1\">Mensaje <abbr class=\"required\" title=\"requerido\">*<\/abbr><\/label><textarea  name=\"avia_9_1\" class=\"text_area is_empty\" cols=\"40\" rows=\"7\" id=\"avia_9_1\" ><\/textarea><\/p><div id='avia_10_1' class='av-form-text'><p>\n<strong>RESPONSABLE DEL TRATAMIENTO: <\/strong>MORCHEM,S.A.<\/p>\n<p><strong>FINALIDAD EN EL TRATAMIENTO DE LOS DATOS: <\/strong>Responder a las solicitudes de informaci\u00f3n recibidas.<\/p>\n<p><strong>LEGITIMACI\u00d3N EN EL TRATAMIENTO DE SUS DATOS: <\/strong>Consentimiento de la persona interesada.<\/p>\n<p><strong>DESTINATARIOS:<\/strong>No se ceder\u00e1n datos a terceros, salvo obligaci\u00f3n legal.<\/p>\n<p><strong>DERECHOS DE LOS INTERESADOS: <\/strong>Podr\u00e1 ejercitar sus derechos sobre protecci\u00f3n de datos (acceso, rectificaci\u00f3n, oposici\u00f3n, supresi\u00f3n, decisiones automatizadas, limitaci\u00f3n del tratamiento, portabilidad) enviando un correo electr\u00f3nico a <a href=\"mailto:Info-NotifyGDPR@morchem.com\">Info-NotifyGDPR@morchem.com<\/a>. En cualquier caso, puede solicitar la tutela de la Agencia Espa\u00f1ola de Protecci\u00f3n de Datos a trav\u00e9s de su p\u00e1gina web https:\/\/www.aepd.es\/. Puede consultar m\u00e1s informaci\u00f3n acerca de la <a href=\"https:\/\/www.morchem.com\/es\/politica-de-privacidad\/\">pol\u00edtica de privacidad aqu\u00ed.<\/a><\/p>\n<\/div><p class='  first_form  form_element form_fullwidth' id='element_avia_11_1'><input  name=\"avia_11_1\" class=\"input_checkbox is_empty\" type=\"checkbox\" id=\"avia_11_1\" value=\"true\"\/><label class=\"input_checkbox_label\" for=\"avia_11_1\">Acepto que Morchem conserve mis datos, con car\u00e1cter de confidencialidad y de conformidad con la legislaci\u00f3n de protecci\u00f3n de datos vigente. <abbr class=\"required\" title=\"requerido\">*<\/abbr><\/label><\/p><p class='  first_form  form_element form_fullwidth av-last-visible-form-element' id='element_avia_12_1'><input  name=\"avia_12_1\" class=\"input_checkbox is_empty\" type=\"checkbox\" id=\"avia_12_1\" value=\"true\"\/><label class=\"input_checkbox_label\" for=\"avia_12_1\">He le\u00eddo y acepto la pol\u00edtica de privacidad <abbr class=\"required\" title=\"requerido\">*<\/abbr><\/label><\/p><p class=\"hidden\"><input type=\"text\" name=\"avia_13_1\" class=\"hidden \" id=\"avia_13_1\" value=\"\" \/><\/p><p class=\"form_element \"><input type=\"hidden\" value=\"1\" name=\"avia_generated_form1\" \/><input type=\"submit\" value=\"Enviado\" class=\"button\"  data-sending-label=\"Enviando\"\/><\/p><\/fieldset><\/form><div id=\"ajaxresponse_1\" class=\"ajaxresponse ajaxresponse_1 hidden\"><\/div><\/p><\/div>\n<style type=\"text\/css\" data-created_by=\"avia_inline_auto\" id=\"style-css-av-1u7v16-be29ef47257ea18b9f23258e514d9296\">\n.avia-image-container.av-1u7v16-be29ef47257ea18b9f23258e514d9296 img.avia_image{\nbox-shadow:none;\n}\n.avia-image-container.av-1u7v16-be29ef47257ea18b9f23258e514d9296 .av-image-caption-overlay-center{\ncolor:#ffffff;\n}\n<\/style>\n<div  class='avia-image-container av-1u7v16-be29ef47257ea18b9f23258e514d9296 av-styling- avia-align-center  avia-builder-el-8  el_after_av_three_fifth  avia-builder-el-last '   itemprop=\"image\" itemscope=\"itemscope\" itemtype=\"https:\/\/schema.org\/ImageObject\" ><div class=\"avia-image-container-inner\"><div class=\"avia-image-overlay-wrap\"><img decoding=\"async\" fetchpriority=\"high\" class='wp-image-379 avia-img-lazy-loading-not-379 avia_image ' src=\"https:\/\/www.morchem.com\/wp-content\/uploads\/2016\/11\/morchem-footer.jpg\" alt='' title='morchem-footer'  height=\"168\" width=\"1085\"  itemprop=\"thumbnailUrl\" srcset=\"https:\/\/www.morchem.com\/wp-content\/uploads\/2016\/11\/morchem-footer.jpg 1085w, https:\/\/www.morchem.com\/wp-content\/uploads\/2016\/11\/morchem-footer-300x46.jpg 300w, https:\/\/www.morchem.com\/wp-content\/uploads\/2016\/11\/morchem-footer-768x119.jpg 768w, https:\/\/www.morchem.com\/wp-content\/uploads\/2016\/11\/morchem-footer-1030x159.jpg 1030w, https:\/\/www.morchem.com\/wp-content\/uploads\/2016\/11\/morchem-footer-705x109.jpg 705w, https:\/\/www.morchem.com\/wp-content\/uploads\/2016\/11\/morchem-footer-450x70.jpg 450w\" sizes=\"(max-width: 1085px) 100vw, 1085px\" \/><\/div><\/div><\/div><\/p>\n","protected":false},"excerpt":{"rendered":"","protected":false},"author":1,"featured_media":0,"parent":0,"menu_order":0,"comment_status":"closed","ping_status":"closed","template":"","meta":{"footnotes":""},"class_list":["post-1466","page","type-page","status-publish","hentry"],"_links":{"self":[{"href":"https:\/\/www.morchem.com\/es\/wp-json\/wp\/v2\/pages\/1466","targetHints":{"allow":["GET"]}}],"collection":[{"href":"https:\/\/www.morchem.com\/es\/wp-json\/wp\/v2\/pages"}],"about":[{"href":"https:\/\/www.morchem.com\/es\/wp-json\/wp\/v2\/types\/page"}],"author":[{"embeddable":true,"href":"https:\/\/www.morchem.com\/es\/wp-json\/wp\/v2\/users\/1"}],"replies":[{"embeddable":true,"href":"https:\/\/www.morchem.com\/es\/wp-json\/wp\/v2\/comments?post=1466"}],"version-history":[{"count":16,"href":"https:\/\/www.morchem.com\/es\/wp-json\/wp\/v2\/pages\/1466\/revisions"}],"predecessor-version":[{"id":6403,"href":"https:\/\/www.morchem.com\/es\/wp-json\/wp\/v2\/pages\/1466\/revisions\/6403"}],"wp:attachment":[{"href":"https:\/\/www.morchem.com\/es\/wp-json\/wp\/v2\/media?parent=1466"}],"curies":[{"name":"wp","href":"https:\/\/api.w.org\/{rel}","templated":true}]}}