{"id":1453,"date":"2016-11-17T12:22:25","date_gmt":"2016-11-17T12:22:25","guid":{"rendered":"https:\/\/www.morchem.com\/innovation\/"},"modified":"2017-04-12T12:56:11","modified_gmt":"2017-04-12T11:56:11","slug":"innovacion","status":"publish","type":"page","link":"https:\/\/www.morchem.com\/es\/innovacion\/","title":{"rendered":"Innovaci\u00f3n"},"content":{"rendered":"<div id='full_slider_1'  class='avia-fullwidth-slider main_color avia-shadow   avia-builder-el-0  el_before_av_icon_box  avia-builder-el-first   container_wrap sidebar_right'  >\n<style type=\"text\/css\" data-created_by=\"avia_inline_auto\" id=\"style-css-av-av_slideshow_full-5d43da258fa997ce0c7877842c2aa532\">\n#top #wrap_all .avia-slideshow .av-slideshow-caption.av-av_slideshow_full-5d43da258fa997ce0c7877842c2aa532__0 .avia-caption-title{\nfont-size:45px;\n}\n<\/style>\n<div  class='avia-slideshow av-av_slideshow_full-5d43da258fa997ce0c7877842c2aa532 avia-slideshow-featured av_slideshow_full avia-fade-slider av-slideshow-ui av-control-minimal av-slideshow-manual av-loop-once av-loop-manual-endless av-default-height-applied   avia-slideshow-1' data-slideshow-options=\"{&quot;animation&quot;:&quot;fade&quot;,&quot;autoplay&quot;:false,&quot;loop_autoplay&quot;:&quot;once&quot;,&quot;interval&quot;:5,&quot;loop_manual&quot;:&quot;manual-endless&quot;,&quot;autoplay_stopper&quot;:false,&quot;noNavigation&quot;:false,&quot;bg_slider&quot;:false,&quot;keep_padding&quot;:false,&quot;hoverpause&quot;:false,&quot;show_slide_delay&quot;:0}\"  itemprop=\"image\" itemscope=\"itemscope\" itemtype=\"https:\/\/schema.org\/ImageObject\" ><ul class='avia-slideshow-inner ' style='padding-bottom: 26.666666666667%;'><li  class='avia-slideshow-slide av-av_slideshow_full-5d43da258fa997ce0c7877842c2aa532__0  av-single-slide slide-1 slide-odd'><div data-rel='slideshow-1' class='avia-slide-wrap '   ><img decoding=\"async\" fetchpriority=\"high\" class=\"wp-image-583 avia-img-lazy-loading-not-583\"  src=\"https:\/\/www.morchem.com\/wp-content\/uploads\/2016\/11\/innovation-interior-1500x400.jpg\" width=\"1500\" height=\"400\" title='innovation-interior' alt=''  itemprop=\"thumbnailUrl\"  style='min-height:250px; min-width:938px; ' srcset=\"https:\/\/www.morchem.com\/wp-content\/uploads\/2016\/11\/innovation-interior.jpg 1500w, https:\/\/www.morchem.com\/wp-content\/uploads\/2016\/11\/innovation-interior-300x80.jpg 300w, https:\/\/www.morchem.com\/wp-content\/uploads\/2016\/11\/innovation-interior-768x205.jpg 768w, https:\/\/www.morchem.com\/wp-content\/uploads\/2016\/11\/innovation-interior-1030x275.jpg 1030w, https:\/\/www.morchem.com\/wp-content\/uploads\/2016\/11\/innovation-interior-705x188.jpg 705w, https:\/\/www.morchem.com\/wp-content\/uploads\/2016\/11\/innovation-interior-450x120.jpg 450w\" sizes=\"(max-width: 1500px) 100vw, 1500px\" \/><\/div><\/li><\/ul><\/div><\/div><div id='after_full_slider_1'  class='main_color av_default_container_wrap container_wrap sidebar_right'  ><div class='container av-section-cont-open' ><div class='template-page content  av-content-small alpha units'><div class='post-entry post-entry-type-page post-entry-1453'><div class='entry-content-wrapper clearfix'>\n\n<style type=\"text\/css\" data-created_by=\"avia_inline_auto\" id=\"style-css-av-av_icon_box-231a2468c523b733ad68fc5c17d25899\">\n.iconbox.av-av_icon_box-231a2468c523b733ad68fc5c17d25899 .iconbox_icon{\ncolor:#d10a10;\n}\n.iconbox.av-av_icon_box-231a2468c523b733ad68fc5c17d25899 .iconbox_icon.avia-svg-icon svg:first-child{\nfill:#d10a10;\nstroke:#d10a10;\n}\n<\/style>\n<article  class='iconbox iconbox_left av-av_icon_box-231a2468c523b733ad68fc5c17d25899  avia-builder-el-1  el_after_av_slideshow_full  el_before_av_hr  avia-builder-el-first '  itemscope=\"itemscope\" itemtype=\"https:\/\/schema.org\/CreativeWork\" ><div class=\"iconbox_content\"><header class=\"entry-content-header\" aria-label=\"Icon: Innovaci\u00f3n\"><div class='iconbox_icon heading-color avia-iconfont avia-font-entypo-fontello' data-av_icon='\ue898' data-av_iconfont='entypo-fontello'  ><\/div><h3 class='iconbox_content_title '  itemprop=\"headline\" >Innovaci\u00f3n<\/h3><\/header><div class='iconbox_content_container '  itemprop=\"text\" ><\/div><\/div><footer class=\"entry-footer\"><\/footer><\/article>\n\n<style type=\"text\/css\" data-created_by=\"avia_inline_auto\" id=\"style-css-av-av_hr-2f995efddba7b04bc76325f528e81c26\">\n#top .hr.av-av_hr-2f995efddba7b04bc76325f528e81c26{\nmargin-top:00px;\nmargin-bottom:10px;\n}\n.hr.av-av_hr-2f995efddba7b04bc76325f528e81c26 .hr-inner{\nwidth:100%;\nborder-color:#d10a10;\n}\n<\/style>\n<div  class='hr av-av_hr-2f995efddba7b04bc76325f528e81c26 hr-custom  avia-builder-el-2  el_after_av_icon_box  el_before_av_section  avia-builder-el-last  hr-center hr-icon-no'><span class='hr-inner inner-border-av-border-thin'><span class=\"hr-inner-style\"><\/span><\/span><\/div>\n<\/div><\/div><\/div><!-- close content main div --><\/div><\/div><div id='av_section_1'  class='avia-section av-av_section-f5416f04ad720a2c47933a0c3c5c9f4d main_color avia-section-no-padding avia-no-border-styling  avia-builder-el-3  el_after_av_hr  el_before_av_image  avia-bg-style-scroll container_wrap sidebar_right'  ><div class='container av-section-cont-open' ><div class='template-page content  av-content-small alpha units'><div class='post-entry post-entry-type-page post-entry-1453'><div class='entry-content-wrapper clearfix'>\n\n<style type=\"text\/css\" data-created_by=\"avia_inline_auto\" id=\"style-css-av-av_one_fourth-d71a51a707c4656b37c9afbbd6138215\">\n.flex_column.av-av_one_fourth-d71a51a707c4656b37c9afbbd6138215{\nborder-radius:0px 0px 0px 0px;\npadding:0px 0px 0px 0px;\n}\n<\/style>\n<div  class='flex_column av-av_one_fourth-d71a51a707c4656b37c9afbbd6138215 av_one_fourth  avia-builder-el-4  el_before_av_one_fourth  avia-builder-el-first  first flex_column_div av-animated-generic bottom-to-top av-zero-column-padding  '     ><p>\n<style type=\"text\/css\" data-created_by=\"avia_inline_auto\" id=\"style-css-av-av_image-7ed7848d8c588c525d511545628ce70c\">\n.avia-image-container.av-av_image-7ed7848d8c588c525d511545628ce70c img.avia_image{\nbox-shadow:none;\n}\n.avia-image-container.av-av_image-7ed7848d8c588c525d511545628ce70c .av-image-caption-overlay-center{\ncolor:#ffffff;\n}\n<\/style>\n<div  class='avia-image-container av-av_image-7ed7848d8c588c525d511545628ce70c av-styling- av-img-linked avia-align-center  avia-builder-el-5  el_before_av_icon_box  avia-builder-el-first '   itemprop=\"image\" itemscope=\"itemscope\" itemtype=\"https:\/\/schema.org\/ImageObject\" ><div class=\"avia-image-container-inner\"><div class=\"avia-image-overlay-wrap\"><a href=\"https:\/\/www.morchem.com\/innovation\/rd\/\" class='avia_image '  aria-label='rd'><img decoding=\"async\" fetchpriority=\"high\" class='wp-image-4399 avia-img-lazy-loading-not-4399 avia_image ' src=\"https:\/\/www.morchem.com\/wp-content\/uploads\/2015\/10\/rd.jpg\" alt='' title='rd'  height=\"150\" width=\"225\"  itemprop=\"thumbnailUrl\"  \/><\/a><\/div><\/div><\/div><br \/>\n\n<style type=\"text\/css\" data-created_by=\"avia_inline_auto\" id=\"style-css-av-av_icon_box-25296fad2b2f414a99e74d008055e9db\">\n.iconbox.av-av_icon_box-25296fad2b2f414a99e74d008055e9db .iconbox_icon{\ncolor:#d10a10;\n}\n.iconbox.av-av_icon_box-25296fad2b2f414a99e74d008055e9db .iconbox_icon.avia-svg-icon svg:first-child{\nfill:#d10a10;\nstroke:#d10a10;\n}\n<\/style>\n<article  class='iconbox iconbox_left av-av_icon_box-25296fad2b2f414a99e74d008055e9db  avia-builder-el-6  el_after_av_image  el_before_av_textblock '  itemscope=\"itemscope\" itemtype=\"https:\/\/schema.org\/CreativeWork\" ><div class=\"iconbox_content\"><header class=\"entry-content-header\" aria-label=\"Icon: I+D\"><div class='iconbox_icon heading-color avia-iconfont avia-font-entypo-fontello' data-av_icon='\ue898' data-av_iconfont='entypo-fontello'  ><\/div><h3 class='iconbox_content_title '  itemprop=\"headline\" >I+D<\/h3><\/header><div class='iconbox_content_container '  itemprop=\"text\" ><\/div><\/div><footer class=\"entry-footer\"><\/footer><\/article><br \/>\n<section  class='av_textblock_section av-av_textblock-0366cc7376be6c9e82a3e9cc8987b64f '   itemscope=\"itemscope\" itemtype=\"https:\/\/schema.org\/CreativeWork\" ><div class='avia_textblock'  itemprop=\"text\" ><p>Somos una empresa innovadora dedicada plenamente a ofrecer a nuestros clientes los mejores productos y las soluciones que mejor se adecuan a sus campos de aplicaci\u00f3n.<\/p>\n<p><a href=\"https:\/\/www.morchem.com\/es\/innovacion\/id\/\">Leer m\u00e1s<\/a><\/p>\n<\/div><\/section><\/p><\/div>\n<style type=\"text\/css\" data-created_by=\"avia_inline_auto\" id=\"style-css-av-av_one_fourth-93bea18e2ccb60552a17080633244dec\">\n.flex_column.av-av_one_fourth-93bea18e2ccb60552a17080633244dec{\nborder-radius:0px 0px 0px 0px;\npadding:0px 0px 0px 0px;\n}\n<\/style>\n<div  class='flex_column av-av_one_fourth-93bea18e2ccb60552a17080633244dec av_one_fourth  avia-builder-el-8  el_after_av_one_fourth  el_before_av_one_fourth  flex_column_div av-animated-generic bottom-to-top av-zero-column-padding  '     ><p>\n<style type=\"text\/css\" data-created_by=\"avia_inline_auto\" id=\"style-css-av-av_image-ee7bae93d4b01c9c46b39e1ad5ceba72\">\n.avia-image-container.av-av_image-ee7bae93d4b01c9c46b39e1ad5ceba72 img.avia_image{\nbox-shadow:none;\n}\n.avia-image-container.av-av_image-ee7bae93d4b01c9c46b39e1ad5ceba72 .av-image-caption-overlay-center{\ncolor:#ffffff;\n}\n<\/style>\n<div  class='avia-image-container av-av_image-ee7bae93d4b01c9c46b39e1ad5ceba72 av-styling- av-img-linked avia-align-center  avia-builder-el-9  el_before_av_icon_box  avia-builder-el-first '   itemprop=\"image\" itemscope=\"itemscope\" itemtype=\"https:\/\/schema.org\/ImageObject\" ><div class=\"avia-image-container-inner\"><div class=\"avia-image-overlay-wrap\"><a href=\"https:\/\/www.morchem.com\/innovation\/customer-care\/\" class='avia_image '  aria-label='customer-care'><img decoding=\"async\" fetchpriority=\"high\" class='wp-image-7996 avia-img-lazy-loading-not-7996 avia_image ' src=\"https:\/\/www.morchem.com\/wp-content\/uploads\/2016\/11\/customer-care.jpg\" alt='' title='customer-care'  height=\"150\" width=\"225\"  itemprop=\"thumbnailUrl\"  \/><\/a><\/div><\/div><\/div><br \/>\n\n<style type=\"text\/css\" data-created_by=\"avia_inline_auto\" id=\"style-css-av-av_icon_box-ed60b652ea9b606fd9c645a0f0ae5ca5\">\n.iconbox.av-av_icon_box-ed60b652ea9b606fd9c645a0f0ae5ca5 .iconbox_icon{\ncolor:#d10a10;\n}\n.iconbox.av-av_icon_box-ed60b652ea9b606fd9c645a0f0ae5ca5 .iconbox_icon.avia-svg-icon svg:first-child{\nfill:#d10a10;\nstroke:#d10a10;\n}\n<\/style>\n<article  class='iconbox iconbox_left av-av_icon_box-ed60b652ea9b606fd9c645a0f0ae5ca5  avia-builder-el-10  el_after_av_image  el_before_av_textblock '  itemscope=\"itemscope\" itemtype=\"https:\/\/schema.org\/CreativeWork\" ><div class=\"iconbox_content\"><header class=\"entry-content-header\" aria-label=\"Icon: ASISTENCIA T\u00c9CNICA\"><div class='iconbox_icon heading-color avia-iconfont avia-font-entypo-fontello' data-av_icon='\ue898' data-av_iconfont='entypo-fontello'  ><\/div><h3 class='iconbox_content_title '  itemprop=\"headline\" >ASISTENCIA T\u00c9CNICA<\/h3><\/header><div class='iconbox_content_container '  itemprop=\"text\" ><\/div><\/div><footer class=\"entry-footer\"><\/footer><\/article><br \/>\n<section  class='av_textblock_section av-av_textblock-0366cc7376be6c9e82a3e9cc8987b64f '   itemscope=\"itemscope\" itemtype=\"https:\/\/schema.org\/CreativeWork\" ><div class='avia_textblock'  itemprop=\"text\" ><p>Nuestro compromiso prioritario es ofrecer una amplia gama de productos y soluciones que contribuyan a asegurar la mejor atenci\u00f3n posible a nuestros clientes.<\/p>\n<p><a href=\"https:\/\/www.morchem.com\/es\/innovacion\/asistencia-tecnica\/\">Leer m\u00e1s<\/a><\/p>\n<\/div><\/section><\/p><\/div>\n<style type=\"text\/css\" data-created_by=\"avia_inline_auto\" id=\"style-css-av-av_one_fourth-93bea18e2ccb60552a17080633244dec\">\n.flex_column.av-av_one_fourth-93bea18e2ccb60552a17080633244dec{\nborder-radius:0px 0px 0px 0px;\npadding:0px 0px 0px 0px;\n}\n<\/style>\n<div  class='flex_column av-av_one_fourth-93bea18e2ccb60552a17080633244dec av_one_fourth  avia-builder-el-12  el_after_av_one_fourth  el_before_av_one_fourth  flex_column_div av-animated-generic bottom-to-top av-zero-column-padding  '     ><p>\n<style type=\"text\/css\" data-created_by=\"avia_inline_auto\" id=\"style-css-av-av_image-fb2195bc87d80be8e00706edccd6a6ca\">\n.avia-image-container.av-av_image-fb2195bc87d80be8e00706edccd6a6ca img.avia_image{\nbox-shadow:none;\n}\n.avia-image-container.av-av_image-fb2195bc87d80be8e00706edccd6a6ca .av-image-caption-overlay-center{\ncolor:#ffffff;\n}\n<\/style>\n<div  class='avia-image-container av-av_image-fb2195bc87d80be8e00706edccd6a6ca av-styling- av-img-linked avia-align-center  avia-builder-el-13  el_before_av_icon_box  avia-builder-el-first '   itemprop=\"image\" itemscope=\"itemscope\" itemtype=\"https:\/\/schema.org\/ImageObject\" ><div class=\"avia-image-container-inner\"><div class=\"avia-image-overlay-wrap\"><a href=\"https:\/\/www.morchem.com\/innovation\/performance\/\" class='avia_image '  aria-label='performance'><img decoding=\"async\" fetchpriority=\"high\" class='wp-image-7997 avia-img-lazy-loading-not-7997 avia_image ' src=\"https:\/\/www.morchem.com\/wp-content\/uploads\/2016\/11\/performance.jpg\" alt='' title='performance'  height=\"150\" width=\"225\"  itemprop=\"thumbnailUrl\"  \/><\/a><\/div><\/div><\/div><br \/>\n\n<style type=\"text\/css\" data-created_by=\"avia_inline_auto\" id=\"style-css-av-av_icon_box-e03380ca2435d9071c0c5945591fc2f8\">\n.iconbox.av-av_icon_box-e03380ca2435d9071c0c5945591fc2f8 .iconbox_icon{\ncolor:#d10a10;\n}\n.iconbox.av-av_icon_box-e03380ca2435d9071c0c5945591fc2f8 .iconbox_icon.avia-svg-icon svg:first-child{\nfill:#d10a10;\nstroke:#d10a10;\n}\n<\/style>\n<article  class='iconbox iconbox_left av-av_icon_box-e03380ca2435d9071c0c5945591fc2f8  avia-builder-el-14  el_after_av_image  el_before_av_textblock '  itemscope=\"itemscope\" itemtype=\"https:\/\/schema.org\/CreativeWork\" ><div class=\"iconbox_content\"><header class=\"entry-content-header\" aria-label=\"Icon: PRESTACIONES\"><div class='iconbox_icon heading-color avia-iconfont avia-font-entypo-fontello' data-av_icon='\ue898' data-av_iconfont='entypo-fontello'  ><\/div><h3 class='iconbox_content_title '  itemprop=\"headline\" >PRESTACIONES<\/h3><\/header><div class='iconbox_content_container '  itemprop=\"text\" ><\/div><\/div><footer class=\"entry-footer\"><\/footer><\/article><br \/>\n<section  class='av_textblock_section av-av_textblock-0366cc7376be6c9e82a3e9cc8987b64f '   itemscope=\"itemscope\" itemtype=\"https:\/\/schema.org\/CreativeWork\" ><div class='avia_textblock'  itemprop=\"text\" ><p>Nos esforzamos por satisfacer las exigencias cada vez mayores de las estructuras de alto rendimiento ofreciendo tanto resistencia t\u00e9rmica como qu\u00edmica, con el fin \u00faltimo de extender la vida del producto final.<\/p>\n<p><a href=\"https:\/\/www.morchem.com\/es\/innovacion\/prestaciones\/\">Leer m\u00e1s<\/a><\/p>\n<\/div><\/section><\/p><\/div>\n<style type=\"text\/css\" data-created_by=\"avia_inline_auto\" id=\"style-css-av-av_one_fourth-93bea18e2ccb60552a17080633244dec\">\n.flex_column.av-av_one_fourth-93bea18e2ccb60552a17080633244dec{\nborder-radius:0px 0px 0px 0px;\npadding:0px 0px 0px 0px;\n}\n<\/style>\n<div  class='flex_column av-av_one_fourth-93bea18e2ccb60552a17080633244dec av_one_fourth  avia-builder-el-16  el_after_av_one_fourth  avia-builder-el-last  flex_column_div av-animated-generic bottom-to-top av-zero-column-padding  '     ><p>\n<style type=\"text\/css\" data-created_by=\"avia_inline_auto\" id=\"style-css-av-av_image-b41735537fa5bfcea156d4079d019462\">\n.avia-image-container.av-av_image-b41735537fa5bfcea156d4079d019462 img.avia_image{\nbox-shadow:none;\n}\n.avia-image-container.av-av_image-b41735537fa5bfcea156d4079d019462 .av-image-caption-overlay-center{\ncolor:#ffffff;\n}\n<\/style>\n<div  class='avia-image-container av-av_image-b41735537fa5bfcea156d4079d019462 av-styling- av-img-linked avia-align-center  avia-builder-el-17  el_before_av_icon_box  avia-builder-el-first '   itemprop=\"image\" itemscope=\"itemscope\" itemtype=\"https:\/\/schema.org\/ImageObject\" ><div class=\"avia-image-container-inner\"><div class=\"avia-image-overlay-wrap\"><a href=\"https:\/\/www.morchem.com\/innovation\/sustainabilty\/\" class='avia_image '  aria-label='sustainability'><img decoding=\"async\" fetchpriority=\"high\" class='wp-image-7998 avia-img-lazy-loading-not-7998 avia_image ' src=\"https:\/\/www.morchem.com\/wp-content\/uploads\/2016\/11\/sustainability.jpg\" alt='' title='sustainability'  height=\"150\" width=\"225\"  itemprop=\"thumbnailUrl\"  \/><\/a><\/div><\/div><\/div><br \/>\n\n<style type=\"text\/css\" data-created_by=\"avia_inline_auto\" id=\"style-css-av-av_icon_box-855e2f6d1bc85b1fa6baf7599ca85a78\">\n.iconbox.av-av_icon_box-855e2f6d1bc85b1fa6baf7599ca85a78 .iconbox_icon{\ncolor:#d10a10;\n}\n.iconbox.av-av_icon_box-855e2f6d1bc85b1fa6baf7599ca85a78 .iconbox_icon.avia-svg-icon svg:first-child{\nfill:#d10a10;\nstroke:#d10a10;\n}\n<\/style>\n<article  class='iconbox iconbox_left av-av_icon_box-855e2f6d1bc85b1fa6baf7599ca85a78  avia-builder-el-18  el_after_av_image  el_before_av_textblock '  itemscope=\"itemscope\" itemtype=\"https:\/\/schema.org\/CreativeWork\" ><div class=\"iconbox_content\"><header class=\"entry-content-header\" aria-label=\"Icon: SOSTENIBILIDAD\"><div class='iconbox_icon heading-color avia-iconfont avia-font-entypo-fontello' data-av_icon='\ue898' data-av_iconfont='entypo-fontello'  ><\/div><h3 class='iconbox_content_title '  itemprop=\"headline\" >SOSTENIBILIDAD<\/h3><\/header><div class='iconbox_content_container '  itemprop=\"text\" ><\/div><\/div><footer class=\"entry-footer\"><\/footer><\/article><br \/>\n<section  class='av_textblock_section av-av_textblock-0366cc7376be6c9e82a3e9cc8987b64f '   itemscope=\"itemscope\" itemtype=\"https:\/\/schema.org\/CreativeWork\" ><div class='avia_textblock'  itemprop=\"text\" ><p>Nos comprometemos a utilizar los recursos de forma m\u00e1s eficiente para contribuir as\u00ed a una mejor calidad de vida para las generaciones actuales y futuras.<\/p>\n<p><a href=\"https:\/\/www.morchem.com\/es\/innovacion\/sostenibilidad\/\">Leer m\u00e1s<\/a><\/p>\n<\/div><\/section><\/p><\/div><\/div><\/div><\/div><!-- close content main div --><\/div><\/div><div id='after_section_1'  class='main_color av_default_container_wrap container_wrap sidebar_right'  ><div class='container av-section-cont-open' ><div class='template-page content  av-content-small alpha units'><div class='post-entry post-entry-type-page post-entry-1453'><div class='entry-content-wrapper clearfix'>\n<style type=\"text\/css\" data-created_by=\"avia_inline_auto\" id=\"style-css-av-av_image-d3ef920444e0a961c40582bb4e516401\">\n.avia-image-container.av-av_image-d3ef920444e0a961c40582bb4e516401 img.avia_image{\nbox-shadow:none;\n}\n.avia-image-container.av-av_image-d3ef920444e0a961c40582bb4e516401 .av-image-caption-overlay-center{\ncolor:#ffffff;\n}\n<\/style>\n<div  class='avia-image-container av-av_image-d3ef920444e0a961c40582bb4e516401 av-styling- avia-align-center  avia-builder-el-20  el_after_av_section  avia-builder-el-no-sibling '   itemprop=\"image\" itemscope=\"itemscope\" itemtype=\"https:\/\/schema.org\/ImageObject\" ><div class=\"avia-image-container-inner\"><div class=\"avia-image-overlay-wrap\"><img decoding=\"async\" fetchpriority=\"high\" class='wp-image-379 avia-img-lazy-loading-not-379 avia_image ' src=\"https:\/\/www.morchem.com\/wp-content\/uploads\/2016\/11\/morchem-footer.jpg\" alt='' title='morchem-footer'  height=\"168\" width=\"1085\"  itemprop=\"thumbnailUrl\" srcset=\"https:\/\/www.morchem.com\/wp-content\/uploads\/2016\/11\/morchem-footer.jpg 1085w, https:\/\/www.morchem.com\/wp-content\/uploads\/2016\/11\/morchem-footer-300x46.jpg 300w, https:\/\/www.morchem.com\/wp-content\/uploads\/2016\/11\/morchem-footer-768x119.jpg 768w, https:\/\/www.morchem.com\/wp-content\/uploads\/2016\/11\/morchem-footer-1030x159.jpg 1030w, https:\/\/www.morchem.com\/wp-content\/uploads\/2016\/11\/morchem-footer-705x109.jpg 705w, https:\/\/www.morchem.com\/wp-content\/uploads\/2016\/11\/morchem-footer-450x70.jpg 450w\" sizes=\"(max-width: 1085px) 100vw, 1085px\" \/><\/div><\/div><\/div><\/p>\n","protected":false},"excerpt":{"rendered":"","protected":false},"author":1,"featured_media":0,"parent":0,"menu_order":0,"comment_status":"closed","ping_status":"closed","template":"","meta":{"footnotes":""},"class_list":["post-1453","page","type-page","status-publish","hentry"],"_links":{"self":[{"href":"https:\/\/www.morchem.com\/es\/wp-json\/wp\/v2\/pages\/1453","targetHints":{"allow":["GET"]}}],"collection":[{"href":"https:\/\/www.morchem.com\/es\/wp-json\/wp\/v2\/pages"}],"about":[{"href":"https:\/\/www.morchem.com\/es\/wp-json\/wp\/v2\/types\/page"}],"author":[{"embeddable":true,"href":"https:\/\/www.morchem.com\/es\/wp-json\/wp\/v2\/users\/1"}],"replies":[{"embeddable":true,"href":"https:\/\/www.morchem.com\/es\/wp-json\/wp\/v2\/comments?post=1453"}],"version-history":[{"count":0,"href":"https:\/\/www.morchem.com\/es\/wp-json\/wp\/v2\/pages\/1453\/revisions"}],"wp:attachment":[{"href":"https:\/\/www.morchem.com\/es\/wp-json\/wp\/v2\/media?parent=1453"}],"curies":[{"name":"wp","href":"https:\/\/api.w.org\/{rel}","templated":true}]}}