{"id":1723,"date":"2017-02-24T11:15:51","date_gmt":"2017-02-24T10:15:51","guid":{"rendered":"https:\/\/www.morchem.com\/certifications\/"},"modified":"2024-08-29T11:06:40","modified_gmt":"2024-08-29T10:06:40","slug":"zertifikate","status":"publish","type":"page","link":"https:\/\/www.morchem.com\/de\/zertifikate\/","title":{"rendered":"Zertifikate"},"content":{"rendered":"<div id='full_slider_1'  class='avia-fullwidth-slider main_color avia-shadow   avia-builder-el-0  el_before_av_hr  avia-builder-el-first   container_wrap sidebar_right'  ><div  class='avia-slideshow av-zpuz3f-61494f396a772f4de8e461df6d8c40e6 avia-slideshow-no scaling av_slideshow_full avia-fade-slider av-slideshow-ui av-control-minimal av-slideshow-manual av-loop-once av-loop-manual-endless av-default-height-applied   avia-slideshow-1' data-slideshow-options=\"{&quot;animation&quot;:&quot;fade&quot;,&quot;autoplay&quot;:false,&quot;loop_autoplay&quot;:&quot;once&quot;,&quot;interval&quot;:5,&quot;loop_manual&quot;:&quot;manual-endless&quot;,&quot;autoplay_stopper&quot;:false,&quot;noNavigation&quot;:false,&quot;bg_slider&quot;:false,&quot;keep_padding&quot;:false,&quot;hoverpause&quot;:false,&quot;show_slide_delay&quot;:0}\"  itemprop=\"image\" itemscope=\"itemscope\" itemtype=\"https:\/\/schema.org\/ImageObject\" ><ul class='avia-slideshow-inner ' style='padding-bottom: 26.666666666667%;'><li  class='avia-slideshow-slide av-zpuz3f-61494f396a772f4de8e461df6d8c40e6__0  av-single-slide slide-1 slide-odd'><div data-rel='slideshow-1' class='avia-slide-wrap '   ><img decoding=\"async\" fetchpriority=\"high\" class=\"wp-image-4299 avia-img-lazy-loading-not-4299\"  src=\"https:\/\/www.morchem.com\/wp-content\/uploads\/2015\/10\/interior-about-us.jpg\" width=\"1500\" height=\"400\" title='interior-about-us' alt=''  itemprop=\"thumbnailUrl\"  style='min-height:250px; min-width:938px; ' srcset=\"https:\/\/www.morchem.com\/wp-content\/uploads\/2015\/10\/interior-about-us.jpg 1500w, https:\/\/www.morchem.com\/wp-content\/uploads\/2015\/10\/interior-about-us-300x80.jpg 300w, https:\/\/www.morchem.com\/wp-content\/uploads\/2015\/10\/interior-about-us-768x205.jpg 768w, https:\/\/www.morchem.com\/wp-content\/uploads\/2015\/10\/interior-about-us-1030x275.jpg 1030w, https:\/\/www.morchem.com\/wp-content\/uploads\/2015\/10\/interior-about-us-705x188.jpg 705w, https:\/\/www.morchem.com\/wp-content\/uploads\/2015\/10\/interior-about-us-450x120.jpg 450w\" sizes=\"(max-width: 1500px) 100vw, 1500px\" \/><\/div><\/li><\/ul><\/div><\/div><div id='after_full_slider_1'  class='main_color av_default_container_wrap container_wrap sidebar_right'  ><div class='container av-section-cont-open' ><div class='template-page content  av-content-small alpha units'><div class='post-entry post-entry-type-page post-entry-1723'><div class='entry-content-wrapper clearfix'>\n\n<style type=\"text\/css\" data-created_by=\"avia_inline_auto\" id=\"style-css-av-w0tvor-48503abf9a905695e9af45adad530e37\">\n#top .hr.hr-invisible.av-w0tvor-48503abf9a905695e9af45adad530e37{\nheight:25px;\n}\n<\/style>\n<div  class='hr av-w0tvor-48503abf9a905695e9af45adad530e37 hr-invisible  avia-builder-el-1  el_after_av_slideshow_full  el_before_av_one_third  avia-builder-el-first '><span class='hr-inner '><span class=\"hr-inner-style\"><\/span><\/span><\/div>\n\n<style type=\"text\/css\" data-created_by=\"avia_inline_auto\" id=\"style-css-av-32ylcb-d0c39f8307d658bed76ec36b2ed0be87\">\n.flex_column.av-32ylcb-d0c39f8307d658bed76ec36b2ed0be87{\nborder-radius:0px 0px 0px 0px;\npadding:0px 0px 0px 0px;\n}\n<\/style>\n<div  class='flex_column av-32ylcb-d0c39f8307d658bed76ec36b2ed0be87 av_one_third  avia-builder-el-2  el_after_av_hr  el_before_av_two_third  first flex_column_div av-zero-column-padding  '     ><style type=\"text\/css\" data-created_by=\"avia_inline_auto\" id=\"style-css-av-sizp9n-769f8dd1b28f4d5cc8eedc36aa203c63\">\n#top .av-special-heading.av-sizp9n-769f8dd1b28f4d5cc8eedc36aa203c63{\npadding-bottom:10px;\n}\nbody .av-special-heading.av-sizp9n-769f8dd1b28f4d5cc8eedc36aa203c63 .av-special-heading-tag .heading-char{\nfont-size:25px;\n}\n.av-special-heading.av-sizp9n-769f8dd1b28f4d5cc8eedc36aa203c63 .av-subheading{\nfont-size:15px;\n}\n<\/style>\n<div  class='av-special-heading av-sizp9n-769f8dd1b28f4d5cc8eedc36aa203c63 av-special-heading-h2 blockquote modern-quote  avia-builder-el-3  avia-builder-el-no-sibling '><h2 class='av-special-heading-tag '  itemprop=\"headline\"  >Unsere Qualifikationen<\/h2><div class=\"special-heading-border\"><div class=\"special-heading-inner-border\"><\/div><\/div><\/div><\/div>\n\n<style type=\"text\/css\" data-created_by=\"avia_inline_auto\" id=\"style-css-av-r6nay3-9fcfb96c1358cefa7fb7a604cff1be5c\">\n.flex_column.av-r6nay3-9fcfb96c1358cefa7fb7a604cff1be5c{\nborder-radius:0px 0px 0px 0px;\npadding:0px 0px 0px 0px;\n}\n<\/style>\n<div  class='flex_column av-r6nay3-9fcfb96c1358cefa7fb7a604cff1be5c av_two_third  avia-builder-el-4  el_after_av_one_third  el_before_av_one_third  flex_column_div av-zero-column-padding  '     ><style type=\"text\/css\" data-created_by=\"avia_inline_auto\" id=\"style-css-av-q0cgez-404a5e0e558e4f10f9069af7a9f5394d\">\n#top .hr.av-q0cgez-404a5e0e558e4f10f9069af7a9f5394d{\nmargin-top:0px;\nmargin-bottom:0px;\n}\n.hr.av-q0cgez-404a5e0e558e4f10f9069af7a9f5394d .hr-inner{\nwidth:100%;\nborder-color:#d10a10;\n}\n<\/style>\n<div  class='hr av-q0cgez-404a5e0e558e4f10f9069af7a9f5394d hr-custom  avia-builder-el-5  avia-builder-el-no-sibling  hr-center hr-icon-no'><span class='hr-inner inner-border-av-border-thin'><span class=\"hr-inner-style\"><\/span><\/span><\/div><\/div>\n\n<style type=\"text\/css\" data-created_by=\"avia_inline_auto\" id=\"style-css-av-nhos4r-3f637c63e62eb4032169ebd1a35b271c\">\n.flex_column.av-nhos4r-3f637c63e62eb4032169ebd1a35b271c{\nborder-radius:0px 0px 0px 0px;\npadding:0px 0px 0px 0px;\n}\n<\/style>\n<div  class='flex_column av-nhos4r-3f637c63e62eb4032169ebd1a35b271c av_one_third  avia-builder-el-6  el_after_av_two_third  el_before_av_one_third  first flex_column_div av-animated-generic bottom-to-top av-zero-column-padding  column-top-margin'     ><p>\n<style type=\"text\/css\" data-created_by=\"avia_inline_auto\" id=\"style-css-av-mr228r-e183659b73f884d99f2b80afc01f0d8d\">\n.avia-image-container.av-mr228r-e183659b73f884d99f2b80afc01f0d8d img.avia_image{\nbox-shadow:none;\n}\n.avia-image-container.av-mr228r-e183659b73f884d99f2b80afc01f0d8d .av-image-caption-overlay-center{\ncolor:#ffffff;\n}\n<\/style>\n<div  class='avia-image-container av-mr228r-e183659b73f884d99f2b80afc01f0d8d av-styling- avia-align-left  avia-builder-el-7  el_before_av_heading  avia-builder-el-first '   itemprop=\"image\" itemscope=\"itemscope\" itemtype=\"https:\/\/schema.org\/ImageObject\" ><div class=\"avia-image-container-inner\"><div class=\"avia-image-overlay-wrap\"><img decoding=\"async\" fetchpriority=\"high\" class='wp-image-1367 avia-img-lazy-loading-not-1367 avia_image ' src=\"https:\/\/www.morchem.com\/wp-content\/uploads\/2017\/02\/iso_9001.jpg\" alt='' title='Iso 9001'  height=\"159\" width=\"351\"  itemprop=\"thumbnailUrl\" srcset=\"https:\/\/www.morchem.com\/wp-content\/uploads\/2017\/02\/iso_9001.jpg 351w, https:\/\/www.morchem.com\/wp-content\/uploads\/2017\/02\/iso_9001-300x136.jpg 300w\" sizes=\"(max-width: 351px) 100vw, 351px\" \/><\/div><\/div><\/div><br \/>\n\n<style type=\"text\/css\" data-created_by=\"avia_inline_auto\" id=\"style-css-av-3zsv2j-0e4c1ec1f21197ae24165a5730ec1e02\">\n#top .av-special-heading.av-3zsv2j-0e4c1ec1f21197ae24165a5730ec1e02{\npadding-bottom:0;\n}\nbody .av-special-heading.av-3zsv2j-0e4c1ec1f21197ae24165a5730ec1e02 .av-special-heading-tag .heading-char{\nfont-size:25px;\n}\n.av-special-heading.av-3zsv2j-0e4c1ec1f21197ae24165a5730ec1e02 .av-subheading{\nfont-size:15px;\n}\n<\/style>\n<div  class='av-special-heading av-3zsv2j-0e4c1ec1f21197ae24165a5730ec1e02 av-special-heading-h2 blockquote modern-quote  avia-builder-el-8  el_after_av_image  el_before_av_hr '><h2 class='av-special-heading-tag '  itemprop=\"headline\"  >ISO 9001<\/h2><div class=\"special-heading-border\"><div class=\"special-heading-inner-border\"><\/div><\/div><\/div><br \/>\n\n<style type=\"text\/css\" data-created_by=\"avia_inline_auto\" id=\"style-css-av-ita3yj-d4e2eca5cd9e1dad6d59b7eb5e6dbd49\">\n#top .hr.av-ita3yj-d4e2eca5cd9e1dad6d59b7eb5e6dbd49{\nmargin-top:0px;\nmargin-bottom:0px;\n}\n.hr.av-ita3yj-d4e2eca5cd9e1dad6d59b7eb5e6dbd49 .hr-inner{\nwidth:50px;\nborder-color:#d10a10;\n}\n<\/style>\n<div  class='hr av-ita3yj-d4e2eca5cd9e1dad6d59b7eb5e6dbd49 hr-custom  avia-builder-el-9  el_after_av_heading  el_before_av_textblock  hr-left hr-icon-no'><span class='hr-inner inner-border-av-border-fat'><span class=\"hr-inner-style\"><\/span><\/span><\/div><br \/>\n<section  class='av_textblock_section av-gxthej-7ccdc0e3c59bf184d07271b62668da96 '   itemscope=\"itemscope\" itemtype=\"https:\/\/schema.org\/CreativeWork\" ><div class='avia_textblock'  itemprop=\"text\" ><p><a href=\"https:\/\/www.morchem.com\/wp-content\/uploads\/2024\/08\/ISO_9001_ENG.pdf\" target=\"_blank\" rel=\"noopener\">Englisch<\/a> | <a href=\"https:\/\/www.morchem.com\/wp-content\/uploads\/2024\/08\/ISO_9001_FR.pdf\" target=\"_blank\" rel=\"noopener\">Franz\u00f6sisch<\/a> | <a href=\"https:\/\/www.morchem.com\/wp-content\/uploads\/2024\/08\/ISO_9001_AL.pdf\" target=\"_blank\" rel=\"noopener\">Deutsch<\/a>\u00a0|<a href=\"https:\/\/www.morchem.com\/wp-content\/uploads\/2024\/08\/ISO_9001_CA.pdf\" target=\"_blank\" rel=\"noopener\"> Spanisch<\/a><\/p>\n<\/div><\/section><\/p><\/div>\n\n<style type=\"text\/css\" data-created_by=\"avia_inline_auto\" id=\"style-css-av-fsofi3-5fc46a3ad2d7d98348a3773b4f125baf\">\n.flex_column.av-fsofi3-5fc46a3ad2d7d98348a3773b4f125baf{\nborder-radius:0px 0px 0px 0px;\npadding:0px 0px 0px 0px;\n}\n<\/style>\n<div  class='flex_column av-fsofi3-5fc46a3ad2d7d98348a3773b4f125baf av_one_third  avia-builder-el-11  el_after_av_one_third  el_before_av_one_third  flex_column_div av-animated-generic bottom-to-top av-zero-column-padding  column-top-margin'     ><p>\n<style type=\"text\/css\" data-created_by=\"avia_inline_auto\" id=\"style-css-av-evk34b-1a7d744b2ea404acfb27b478823e045f\">\n.avia-image-container.av-evk34b-1a7d744b2ea404acfb27b478823e045f img.avia_image{\nbox-shadow:none;\n}\n.avia-image-container.av-evk34b-1a7d744b2ea404acfb27b478823e045f .av-image-caption-overlay-center{\ncolor:#ffffff;\n}\n<\/style>\n<div  class='avia-image-container av-evk34b-1a7d744b2ea404acfb27b478823e045f av-styling- avia-align-left  avia-builder-el-12  el_before_av_heading  avia-builder-el-first '   itemprop=\"image\" itemscope=\"itemscope\" itemtype=\"https:\/\/schema.org\/ImageObject\" ><div class=\"avia-image-container-inner\"><div class=\"avia-image-overlay-wrap\"><img decoding=\"async\" fetchpriority=\"high\" class='wp-image-1368 avia-img-lazy-loading-not-1368 avia_image ' src=\"https:\/\/www.morchem.com\/wp-content\/uploads\/2017\/02\/iso_14001.jpg\" alt='' title='Iso 14001'  height=\"159\" width=\"351\"  itemprop=\"thumbnailUrl\" srcset=\"https:\/\/www.morchem.com\/wp-content\/uploads\/2017\/02\/iso_14001.jpg 351w, https:\/\/www.morchem.com\/wp-content\/uploads\/2017\/02\/iso_14001-300x136.jpg 300w\" sizes=\"(max-width: 351px) 100vw, 351px\" \/><\/div><\/div><\/div><br \/>\n\n<style type=\"text\/css\" data-created_by=\"avia_inline_auto\" id=\"style-css-av-8egob-c6a9a446680bde20a087b46289606e1e\">\n#top .av-special-heading.av-8egob-c6a9a446680bde20a087b46289606e1e{\npadding-bottom:0;\n}\nbody .av-special-heading.av-8egob-c6a9a446680bde20a087b46289606e1e .av-special-heading-tag .heading-char{\nfont-size:25px;\n}\n.av-special-heading.av-8egob-c6a9a446680bde20a087b46289606e1e .av-subheading{\nfont-size:15px;\n}\n<\/style>\n<div  class='av-special-heading av-8egob-c6a9a446680bde20a087b46289606e1e av-special-heading-h2 blockquote modern-quote  avia-builder-el-13  el_after_av_image  el_before_av_hr '><h2 class='av-special-heading-tag '  itemprop=\"headline\"  >ISO 14001<\/h2><div class=\"special-heading-border\"><div class=\"special-heading-inner-border\"><\/div><\/div><\/div><br \/>\n\n<style type=\"text\/css\" data-created_by=\"avia_inline_auto\" id=\"style-css-av-ab88fv-6f37259680ff0c44086c19030a0cbb2e\">\n#top .hr.av-ab88fv-6f37259680ff0c44086c19030a0cbb2e{\nmargin-top:0px;\nmargin-bottom:0px;\n}\n.hr.av-ab88fv-6f37259680ff0c44086c19030a0cbb2e .hr-inner{\nwidth:50px;\nborder-color:#d10a10;\n}\n<\/style>\n<div  class='hr av-ab88fv-6f37259680ff0c44086c19030a0cbb2e hr-custom  avia-builder-el-14  el_after_av_heading  el_before_av_textblock  hr-left hr-icon-no'><span class='hr-inner inner-border-av-border-fat'><span class=\"hr-inner-style\"><\/span><\/span><\/div><br \/>\n<section  class='av_textblock_section av-9vg8wr-9a57d40b7aace08aee9d1c2170544fdc '   itemscope=\"itemscope\" itemtype=\"https:\/\/schema.org\/CreativeWork\" ><div class='avia_textblock'  itemprop=\"text\" ><p><a href=\"https:\/\/www.morchem.com\/wp-content\/uploads\/2024\/08\/ISO_14001_EN.pdf\" target=\"_blank\" rel=\"noopener\">Englisch<\/a> | <a href=\"https:\/\/www.morchem.com\/wp-content\/uploads\/2024\/08\/ISO_14001_FR.pdf\" target=\"_blank\" rel=\"noopener\">Franz\u00f6sisch<\/a> | <a href=\"https:\/\/www.morchem.com\/wp-content\/uploads\/2024\/08\/ISO_14001_AL.pdf\" target=\"_blank\" rel=\"noopener\">Deutsch<\/a> |<a href=\"https:\/\/www.morchem.com\/wp-content\/uploads\/2024\/08\/ISO_14001_CA.pdf\" target=\"_blank\" rel=\"noopener\">Spanisch<\/a><\/p>\n<\/div><\/section><\/p><\/div>\n<style type=\"text\/css\" data-created_by=\"avia_inline_auto\" id=\"style-css-av-82lhzf-a69e270f6a3064d8dbe278e8cf5d54dd\">\n.flex_column.av-82lhzf-a69e270f6a3064d8dbe278e8cf5d54dd{\nborder-radius:0px 0px 0px 0px;\npadding:0px 0px 0px 0px;\n}\n<\/style>\n<div  class='flex_column av-82lhzf-a69e270f6a3064d8dbe278e8cf5d54dd av_one_third  avia-builder-el-16  el_after_av_one_third  el_before_av_two_third  flex_column_div av-zero-column-padding  column-top-margin'     ><\/div><\/p>\n\n<style type=\"text\/css\" data-created_by=\"avia_inline_auto\" id=\"style-css-av-62crfv-9c6acc8cb65864492bc485af038c023f\">\n.flex_column.av-62crfv-9c6acc8cb65864492bc485af038c023f{\nborder-radius:0px 0px 0px 0px;\npadding:0px 0px 0px 0px;\n}\n<\/style>\n<div  class='flex_column av-62crfv-9c6acc8cb65864492bc485af038c023f av_two_third  avia-builder-el-17  el_after_av_one_third  el_before_av_hr  first flex_column_div av-zero-column-padding  column-top-margin'     ><section  class='av_textblock_section av-keo41ngp-01449eaa8f54551895a1da7e63ebd5d4 '   itemscope=\"itemscope\" itemtype=\"https:\/\/schema.org\/CreativeWork\" ><div class='avia_textblock'  itemprop=\"text\" ><p>MORCHEM verf\u00fcgt \u00fcber die Qualit\u00e4ts- und Umweltpolitik des Unternehmens. F\u00fcr weitere Information, kontaktieren Sie uns bitte unter <a href=\"mailto:info@morchem.com\">info@morchem.com<\/a>.<\/p>\n<\/div><\/section><\/div>\n\n<style type=\"text\/css\" data-created_by=\"avia_inline_auto\" id=\"style-css-av-3j7ifv-685a8e2489316e74a0a533bd717384e2\">\n#top .hr.hr-invisible.av-3j7ifv-685a8e2489316e74a0a533bd717384e2{\nheight:50px;\n}\n<\/style>\n<div  class='hr av-3j7ifv-685a8e2489316e74a0a533bd717384e2 hr-invisible  avia-builder-el-19  el_after_av_two_third  el_before_av_image '><span class='hr-inner '><span class=\"hr-inner-style\"><\/span><\/span><\/div>\n\n<style type=\"text\/css\" data-created_by=\"avia_inline_auto\" id=\"style-css-av-2vjbff-ddf4b06d5a81bd478cf7c6a4743214d4\">\n.avia-image-container.av-2vjbff-ddf4b06d5a81bd478cf7c6a4743214d4 img.avia_image{\nbox-shadow:none;\n}\n.avia-image-container.av-2vjbff-ddf4b06d5a81bd478cf7c6a4743214d4 .av-image-caption-overlay-center{\ncolor:#ffffff;\n}\n<\/style>\n<div  class='avia-image-container av-2vjbff-ddf4b06d5a81bd478cf7c6a4743214d4 av-styling- avia-align-center  avia-builder-el-20  el_after_av_hr  avia-builder-el-last '   itemprop=\"image\" itemscope=\"itemscope\" itemtype=\"https:\/\/schema.org\/ImageObject\" ><div class=\"avia-image-container-inner\"><div class=\"avia-image-overlay-wrap\"><img decoding=\"async\" fetchpriority=\"high\" class='wp-image-379 avia-img-lazy-loading-not-379 avia_image ' src=\"https:\/\/www.morchem.com\/wp-content\/uploads\/2016\/11\/morchem-footer.jpg\" alt='' title='morchem-footer'  height=\"168\" width=\"1085\"  itemprop=\"thumbnailUrl\" srcset=\"https:\/\/www.morchem.com\/wp-content\/uploads\/2016\/11\/morchem-footer.jpg 1085w, https:\/\/www.morchem.com\/wp-content\/uploads\/2016\/11\/morchem-footer-300x46.jpg 300w, https:\/\/www.morchem.com\/wp-content\/uploads\/2016\/11\/morchem-footer-768x119.jpg 768w, https:\/\/www.morchem.com\/wp-content\/uploads\/2016\/11\/morchem-footer-1030x159.jpg 1030w, https:\/\/www.morchem.com\/wp-content\/uploads\/2016\/11\/morchem-footer-705x109.jpg 705w, https:\/\/www.morchem.com\/wp-content\/uploads\/2016\/11\/morchem-footer-450x70.jpg 450w\" sizes=\"(max-width: 1085px) 100vw, 1085px\" \/><\/div><\/div><\/div>\n","protected":false},"excerpt":{"rendered":"","protected":false},"author":1,"featured_media":0,"parent":0,"menu_order":0,"comment_status":"closed","ping_status":"closed","template":"","meta":{"footnotes":""},"class_list":["post-1723","page","type-page","status-publish","hentry"],"_links":{"self":[{"href":"https:\/\/www.morchem.com\/de\/wp-json\/wp\/v2\/pages\/1723","targetHints":{"allow":["GET"]}}],"collection":[{"href":"https:\/\/www.morchem.com\/de\/wp-json\/wp\/v2\/pages"}],"about":[{"href":"https:\/\/www.morchem.com\/de\/wp-json\/wp\/v2\/types\/page"}],"author":[{"embeddable":true,"href":"https:\/\/www.morchem.com\/de\/wp-json\/wp\/v2\/users\/1"}],"replies":[{"embeddable":true,"href":"https:\/\/www.morchem.com\/de\/wp-json\/wp\/v2\/comments?post=1723"}],"version-history":[{"count":7,"href":"https:\/\/www.morchem.com\/de\/wp-json\/wp\/v2\/pages\/1723\/revisions"}],"predecessor-version":[{"id":7435,"href":"https:\/\/www.morchem.com\/de\/wp-json\/wp\/v2\/pages\/1723\/revisions\/7435"}],"wp:attachment":[{"href":"https:\/\/www.morchem.com\/de\/wp-json\/wp\/v2\/media?parent=1723"}],"curies":[{"name":"wp","href":"https:\/\/api.w.org\/{rel}","templated":true}]}}