{"id":1698,"date":"2016-11-18T09:28:42","date_gmt":"2016-11-18T08:28:42","guid":{"rendered":"https:\/\/www.morchem.com\/customer-support\/"},"modified":"2022-06-14T15:34:08","modified_gmt":"2022-06-14T14:34:08","slug":"kundenservice-2","status":"publish","type":"page","link":"https:\/\/www.morchem.com\/de\/kundenservice-2\/","title":{"rendered":"Kundenservice"},"content":{"rendered":"<div id='full_slider_1'  class='avia-fullwidth-slider main_color avia-shadow   avia-builder-el-0  el_before_av_hr  avia-builder-el-first   container_wrap sidebar_right'  >\n<style type=\"text\/css\" data-created_by=\"avia_inline_auto\" id=\"style-css-av-ym7pwi-388e3f53a6ffd86db58648f3f2c930ce\">\n#top #wrap_all .avia-slideshow .av-slideshow-caption.av-ym7pwi-388e3f53a6ffd86db58648f3f2c930ce__1 .avia-caption-title{\nfont-size:45px;\n}\n<\/style>\n<div  class='avia-slideshow av-ym7pwi-388e3f53a6ffd86db58648f3f2c930ce avia-slideshow-featured av_slideshow_full avia-fade-slider av-slideshow-ui av-control-hidden av-no-slider-navigation av-hide-nav-arrows av-slideshow-manual av-loop-once av-loop-manual-endless av-default-height-applied   avia-slideshow-1' data-slideshow-options=\"{&quot;animation&quot;:&quot;fade&quot;,&quot;autoplay&quot;:false,&quot;loop_autoplay&quot;:&quot;once&quot;,&quot;interval&quot;:5,&quot;loop_manual&quot;:&quot;manual-endless&quot;,&quot;autoplay_stopper&quot;:false,&quot;noNavigation&quot;:true,&quot;bg_slider&quot;:false,&quot;keep_padding&quot;:false,&quot;hoverpause&quot;:false,&quot;show_slide_delay&quot;:0}\"  itemprop=\"image\" itemscope=\"itemscope\" itemtype=\"https:\/\/schema.org\/ImageObject\" ><ul class='avia-slideshow-inner ' style='padding-bottom: 26.666666666667%;'><li  class='avia-slideshow-slide av-ym7pwi-388e3f53a6ffd86db58648f3f2c930ce__0  slide-1 slide-odd'><div data-rel='slideshow-1' class='avia-slide-wrap '   ><img decoding=\"async\" fetchpriority=\"high\" class=\"wp-image-6181 avia-img-lazy-loading-not-6181\"  src=\"https:\/\/www.morchem.com\/wp-content\/uploads\/2022\/06\/customer-care-header-2017-1500x400-2.jpg\" width=\"1500\" height=\"400\" title='customer-care-header-2017-1500x400' alt=''  itemprop=\"thumbnailUrl\"  style='min-height:250px; min-width:938px; ' srcset=\"https:\/\/www.morchem.com\/wp-content\/uploads\/2022\/06\/customer-care-header-2017-1500x400-2.jpg 1500w, https:\/\/www.morchem.com\/wp-content\/uploads\/2022\/06\/customer-care-header-2017-1500x400-2-300x80.jpg 300w, https:\/\/www.morchem.com\/wp-content\/uploads\/2022\/06\/customer-care-header-2017-1500x400-2-1030x275.jpg 1030w, https:\/\/www.morchem.com\/wp-content\/uploads\/2022\/06\/customer-care-header-2017-1500x400-2-768x205.jpg 768w, https:\/\/www.morchem.com\/wp-content\/uploads\/2022\/06\/customer-care-header-2017-1500x400-2-705x188.jpg 705w\" sizes=\"(max-width: 1500px) 100vw, 1500px\" \/><\/div><\/li><li  class='avia-slideshow-slide av-ym7pwi-388e3f53a6ffd86db58648f3f2c930ce__1  slide-2 slide-even'><div data-rel='slideshow-1' class='avia-slide-wrap '   ><img decoding=\"async\" fetchpriority=\"high\" class=\"wp-image-6186 avia-img-lazy-loading-not-6186\"  src=\"https:\/\/www.morchem.com\/wp-content\/uploads\/2016\/11\/customer-care-header-1-1500x400.jpg\" width=\"1500\" height=\"400\" title='customer-care-header' alt=''  itemprop=\"thumbnailUrl\"  style='min-height:250px; min-width:938px; ' srcset=\"https:\/\/www.morchem.com\/wp-content\/uploads\/2016\/11\/customer-care-header-1.jpg 1500w, https:\/\/www.morchem.com\/wp-content\/uploads\/2016\/11\/customer-care-header-1-300x80.jpg 300w, https:\/\/www.morchem.com\/wp-content\/uploads\/2016\/11\/customer-care-header-1-768x205.jpg 768w, https:\/\/www.morchem.com\/wp-content\/uploads\/2016\/11\/customer-care-header-1-1030x275.jpg 1030w, https:\/\/www.morchem.com\/wp-content\/uploads\/2016\/11\/customer-care-header-1-705x188.jpg 705w, https:\/\/www.morchem.com\/wp-content\/uploads\/2016\/11\/customer-care-header-1-450x120.jpg 450w\" sizes=\"(max-width: 1500px) 100vw, 1500px\" \/><div class='av-section-color-overlay' style='opacity: 0.2; background-color: #000000; '><\/div><\/div><\/li><\/ul><div class='avia-slideshow-arrows avia-slideshow-controls' ><a href='#prev' class='prev-slide  avia-svg-icon avia-font-svg_entypo-fontello' data-av_svg_icon='left-open-big' data-av_iconset='svg_entypo-fontello' tabindex='-1' title=\"Zur\u00fcck\"><svg version=\"1.1\" xmlns=\"http:\/\/www.w3.org\/2000\/svg\" width=\"15\" height=\"32\" viewBox=\"0 0 15 32\" preserveAspectRatio=\"xMidYMid meet\" aria-labelledby='av-svg-title-1' aria-describedby='av-svg-desc-1' role=\"graphics-symbol\" aria-hidden=\"true\">\n<title id='av-svg-title-1'>Zur\u00fcck<\/title>\n<desc id='av-svg-desc-1'>Zur\u00fcck<\/desc>\n<path d=\"M14.464 27.84q0.832 0.832 0 1.536-0.832 0.832-1.536 0l-12.544-12.608q-0.768-0.768 0-1.6l12.544-12.608q0.704-0.832 1.536 0 0.832 0.704 0 1.536l-11.456 11.904z\"><\/path>\n<\/svg><span class='avia_hidden_link_text'>Zur\u00fcck<\/span><\/a><a href='#next' class='next-slide  avia-svg-icon avia-font-svg_entypo-fontello' data-av_svg_icon='right-open-big' data-av_iconset='svg_entypo-fontello' tabindex='-1' title=\"Weiter\"><svg version=\"1.1\" xmlns=\"http:\/\/www.w3.org\/2000\/svg\" width=\"15\" height=\"32\" viewBox=\"0 0 15 32\" preserveAspectRatio=\"xMidYMid meet\" aria-labelledby='av-svg-title-2' aria-describedby='av-svg-desc-2' role=\"graphics-symbol\" aria-hidden=\"true\">\n<title id='av-svg-title-2'>Weiter<\/title>\n<desc id='av-svg-desc-2'>Weiter<\/desc>\n<path d=\"M0.416 27.84l11.456-11.84-11.456-11.904q-0.832-0.832 0-1.536 0.832-0.832 1.536 0l12.544 12.608q0.768 0.832 0 1.6l-12.544 12.608q-0.704 0.832-1.536 0-0.832-0.704 0-1.536z\"><\/path>\n<\/svg><span class='avia_hidden_link_text'>Weiter<\/span><\/a><\/div><div class='av-slideshow-caption av-ym7pwi-388e3f53a6ffd86db58648f3f2c930ce__1 caption_fullwidth caption_left'><div class=\"container caption_container\"><div class=\"slideshow_caption\"><div class=\"slideshow_inner_caption\"><div class=\"slideshow_align_caption\"><h2 class='avia-caption-title '  itemprop=\"name\" >Kundenservice<\/h2><\/div><\/div><\/div><\/div><\/div><\/div><\/div><div id='after_full_slider_1'  class='main_color av_default_container_wrap container_wrap sidebar_right'  ><div class='container av-section-cont-open' ><div class='template-page content  av-content-small alpha units'><div class='post-entry post-entry-type-page post-entry-1698'><div class='entry-content-wrapper clearfix'>\n\n<style type=\"text\/css\" data-created_by=\"avia_inline_auto\" id=\"style-css-av-sl3d0i-abfbb7d7e453c671012446ae31491d68\">\n#top .hr.hr-invisible.av-sl3d0i-abfbb7d7e453c671012446ae31491d68{\nheight:25px;\n}\n<\/style>\n<div  class='hr av-sl3d0i-abfbb7d7e453c671012446ae31491d68 hr-invisible  avia-builder-el-1  el_after_av_slideshow_full  el_before_av_two_fifth  avia-builder-el-first '><span class='hr-inner '><span class=\"hr-inner-style\"><\/span><\/span><\/div>\n\n<style type=\"text\/css\" data-created_by=\"avia_inline_auto\" id=\"style-css-av-rm9xk2-d2d21193da7736da4c9aec8a76dc4e4b\">\n.flex_column.av-rm9xk2-d2d21193da7736da4c9aec8a76dc4e4b{\nborder-radius:0px 0px 0px 0px;\npadding:0px 0px 0px 0px;\n}\n<\/style>\n<div  class='flex_column av-rm9xk2-d2d21193da7736da4c9aec8a76dc4e4b av_two_fifth  avia-builder-el-2  el_after_av_hr  el_before_av_three_fifth  first flex_column_div av-zero-column-padding  '     ><p>\n<style type=\"text\/css\" data-created_by=\"avia_inline_auto\" id=\"style-css-av-qftaoy-cb1282ee298923baf7bc8e0db644469f\">\n#top .av-special-heading.av-qftaoy-cb1282ee298923baf7bc8e0db644469f{\npadding-bottom:10px;\ncolor:#000000;\n}\nbody .av-special-heading.av-qftaoy-cb1282ee298923baf7bc8e0db644469f .av-special-heading-tag .heading-char{\nfont-size:25px;\n}\n.av-special-heading.av-qftaoy-cb1282ee298923baf7bc8e0db644469f .special-heading-inner-border{\nborder-color:#000000;\n}\n.av-special-heading.av-qftaoy-cb1282ee298923baf7bc8e0db644469f .av-subheading{\nfont-size:15px;\n}\n<\/style>\n<div  class='av-special-heading av-qftaoy-cb1282ee298923baf7bc8e0db644469f av-special-heading-h3 custom-color-heading  avia-builder-el-3  el_before_av_textblock  avia-builder-el-first '><h3 class='av-special-heading-tag '  itemprop=\"headline\"  >Kundenservice | Technischer Service<\/h3><div class=\"special-heading-border\"><div class=\"special-heading-inner-border\"><\/div><\/div><\/div><br \/>\n\n<style type=\"text\/css\" data-created_by=\"avia_inline_auto\" id=\"style-css-av-npwzoy-5f8b8cb76066790b89123878885c5b81\">\n#top .av_textblock_section.av-npwzoy-5f8b8cb76066790b89123878885c5b81 .avia_textblock{\nfont-size:16px;\n}\n<\/style>\n<section  class='av_textblock_section av-npwzoy-5f8b8cb76066790b89123878885c5b81 '   itemscope=\"itemscope\" itemtype=\"https:\/\/schema.org\/CreativeWork\" ><div class='avia_textblock'  itemprop=\"text\" ><p>Bei Morchem sind wir bereit, Ihre Anfragen und gesch\u00e4ftlichen Bed\u00fcrfnisse zu l\u00f6sen. Unsere Vorgehensweise ist kollaborativ, innovativ und mutig. Wenn Sie die ben\u00f6tigten Informationen auf unserer Website nicht finden k\u00f6nnen, kontaktieren Sie uns bitte. Wir freuen uns, Ihnen bei Ihren Fragen helfen zu d\u00fcrfen.<\/p>\n<p>Wir sind gewillt, mit Ihnen zusammenzuarbeiten, um das beste Produkt oder Service zu finden.<\/p>\n<\/div><\/section><\/p><\/div>\n\n<style type=\"text\/css\" data-created_by=\"avia_inline_auto\" id=\"style-css-av-mh4juq-0a63bf4f9cd87a91025b76cd292d7046\">\n.flex_column.av-mh4juq-0a63bf4f9cd87a91025b76cd292d7046{\nborder-radius:0px 0px 0px 0px;\npadding:0px 0px 0px 0px;\n}\n<\/style>\n<div  class='flex_column av-mh4juq-0a63bf4f9cd87a91025b76cd292d7046 av_three_fifth  avia-builder-el-5  el_after_av_two_fifth  el_before_av_image  flex_column_div av-animated-generic left-to-right av-zero-column-padding  '     ><p>\n<style type=\"text\/css\" data-created_by=\"avia_inline_auto\" id=\"style-css-av-l2kule-700bd192bb1013d6c0d53f8daaf3e3f5\">\n#top .av-special-heading.av-l2kule-700bd192bb1013d6c0d53f8daaf3e3f5{\npadding-bottom:10px;\ncolor:#000000;\n}\nbody .av-special-heading.av-l2kule-700bd192bb1013d6c0d53f8daaf3e3f5 .av-special-heading-tag .heading-char{\nfont-size:25px;\n}\n.av-special-heading.av-l2kule-700bd192bb1013d6c0d53f8daaf3e3f5 .special-heading-inner-border{\nborder-color:#000000;\n}\n.av-special-heading.av-l2kule-700bd192bb1013d6c0d53f8daaf3e3f5 .av-subheading{\nfont-size:15px;\n}\n<\/style>\n<div  class='av-special-heading av-l2kule-700bd192bb1013d6c0d53f8daaf3e3f5 av-special-heading-h3 custom-color-heading  avia-builder-el-6  el_before_av_contact  avia-builder-el-first '><h3 class='av-special-heading-tag '  itemprop=\"headline\"  > Kontaktformular<\/h3><div class=\"special-heading-border\"><div class=\"special-heading-inner-border\"><\/div><\/div><\/div><br \/>\n<form action=\"https:\/\/www.morchem.com\/de\/kundenservice-2\/\" method=\"post\" data-fields-with-error=\"Fehler wurden in folgenden Feld(ern) gefunden:\" class=\"avia_ajax_form av-form-labels-visible   avia-builder-el-7  el_after_av_heading  avia-builder-el-last   \" data-avia-form-id=\"1\" data-avia-redirect='' ><fieldset><p class='  first_form  form_element form_element_third' id='element_avia_1_1'><label for=\"avia_1_1\">Name <abbr class=\"required\" title=\"ben\u00f6tigt\">*<\/abbr><\/label> <input name=\"avia_1_1\" class=\"text_input is_empty\" type=\"text\" id=\"avia_1_1\" value=\"\" \/><\/p><p class='  form_element form_element_third' id='element_avia_2_1'><label for=\"avia_2_1\">Firmenname <abbr class=\"required\" title=\"ben\u00f6tigt\">*<\/abbr><\/label> <input name=\"avia_2_1\" class=\"text_input is_empty\" type=\"text\" id=\"avia_2_1\" value=\"\" \/><\/p><p class='  form_element form_element_third' id='element_avia_3_1'><label for=\"avia_3_1\">Land <abbr class=\"required\" title=\"ben\u00f6tigt\">*<\/abbr><\/label> <input name=\"avia_3_1\" class=\"text_input is_empty\" type=\"text\" id=\"avia_3_1\" value=\"\" \/><\/p><p class='  first_form  form_element form_element_third' id='element_avia_4_1'><label for=\"avia_4_1\">E-Mail <abbr class=\"required\" title=\"ben\u00f6tigt\">*<\/abbr><\/label> <input name=\"avia_4_1\" class=\"text_input is_email\" type=\"text\" id=\"avia_4_1\" value=\"\" \/><\/p><p class='  form_element form_element_third' id='element_avia_5_1'><label for=\"avia_5_1\">Telefon <abbr class=\"required\" title=\"ben\u00f6tigt\">*<\/abbr><\/label> <input name=\"avia_5_1\" class=\"text_input is_empty\" type=\"text\" id=\"avia_5_1\" value=\"\" \/><\/p><p class='  form_element form_element_third' id='element_avia_6_1'><label for=\"avia_6_1\">Branche\/Markt <abbr class=\"required\" title=\"ben\u00f6tigt\">*<\/abbr><\/label><select  name=\"avia_6_1\" class=\"select is_empty\" id=\"avia_6_1\"><option   value='Flachkaschierung'>Flachkaschierung<\/option><option   value='Flexible Verpackungen'>Flexible Verpackungen<\/option><option   value='PU Ink Binders'>PU Ink Binders<\/option><option   value='Technische Laminate'>Technische Laminate<\/option><option   value='Textilkaschierung'>Textilkaschierung<\/option><\/select><\/p><p class='  first_form  form_element form_element_half' id='element_avia_7_1'><label for=\"avia_7_1\">Wof\u00fcr interessieren Sie sich? <abbr class=\"required\" title=\"ben\u00f6tigt\">*<\/abbr><\/label><select multiple name=\"avia_7_1\" class=\"select is_empty av-multi-select\" id=\"avia_7_1\"><option   value='o Information \u00fcber ein Produkt oder eine L\u00f6sung'>o Information \u00fcber ein Produkt oder eine L\u00f6sung<\/option><option   value='Produkterwerb'>Produkterwerb<\/option><option   value='Technische Anfrage'>Technische Anfrage<\/option><option   value='Sonstiges'>Sonstiges<\/option><\/select><\/p><p class='  form_element form_element_half' id='element_avia_8_1'><label for=\"avia_8_1\" class=\"textare_label hidden textare_label_avia_8_1\">Bei \"Sonstiges\" bitten wir Sie n\u00e4here Angaben zu machen<\/label><textarea  name=\"avia_8_1\" class=\"text_area \" cols=\"40\" rows=\"7\" id=\"avia_8_1\" ><\/textarea><\/p><p class='  first_form  form_element form_fullwidth' id='element_avia_9_1'><label for=\"avia_9_1\" class=\"textare_label hidden textare_label_avia_9_1\">Nachricht  <abbr class=\"required\" title=\"ben\u00f6tigt\">*<\/abbr><\/label><textarea  name=\"avia_9_1\" class=\"text_area is_empty\" cols=\"40\" rows=\"7\" id=\"avia_9_1\" ><\/textarea><\/p><div id='avia_10_1' class='av-form-text'><p>\n<strong>F\u00dcR DIE DATENVERARBEITUNG VERANTWORTLICH: <\/strong>MORCHEM,S.A.<\/p>\n<p><strong>ZWECK DER DATENVERARBEITUNG: <\/strong>Beantwortung der eingegangenen Informationsanfragen.<\/p>\n<p><strong>LEGITIMATION F\u00dcR DIE VERARBEITUNG IHRER DATEN: <\/strong>Zustimmung der betroffenen Person.<\/p>\n<p><strong>EMPF\u00c4NGER:<\/strong> Es werden keine Daten an Dritte weitergegeben, es sei denn, wir sind gesetzlich dazu verpflichtet.<\/p>\n<p><strong>RECHTE DER BETROFFENEN PARTEIEN: <\/strong>Sie k\u00f6nnen Ihre Datenschutzrechte (Zugriff, Berichtigung, Widerspruch, L\u00f6schung, automatisierte Entscheidungen, Einschr\u00e4nkung der Verarbeitung, \u00dcbertragbarkeit) per E-Mail an <a href=\"mailto:Info-NotifyGDPR@morchem.com\">Info-NotifyGDPR@morchem.com<\/a>.\u00a0In jedem Fall k\u00f6nnen Sie den Schutz der spanischen Datenschutzbeh\u00f6rde \u00fcber deren Website https:\/\/www.aepd.es\/ beantragen. Weitere Informationen zum Datenschutz finden <a href=\"https:\/\/www.morchem.com\/de\/datenschutzbestimmungen\/\">Sie <u>hier<\/u><\/a><\/p>\n<\/div><p class='  first_form  form_element form_fullwidth' id='element_avia_11_1'><input  name=\"avia_11_1\" class=\"input_checkbox is_empty\" type=\"checkbox\" id=\"avia_11_1\" value=\"true\"\/><label class=\"input_checkbox_label\" for=\"avia_11_1\">Ich erkl\u00e4re mich hiermit einverstanden, dass Morchem meine Daten auf vertraulicher Grundlage und in \u00dcbereinstimmung mit den aktuellen Datenschutzbestimmungen speichert. <abbr class=\"required\" title=\"ben\u00f6tigt\">*<\/abbr><\/label><\/p><p class='  first_form  form_element form_fullwidth av-last-visible-form-element' id='element_avia_12_1'><input  name=\"avia_12_1\" class=\"input_checkbox is_empty\" type=\"checkbox\" id=\"avia_12_1\" value=\"true\"\/><label class=\"input_checkbox_label\" for=\"avia_12_1\">Ich habe die Datenschutzbestimmungen gelesen und akzeptiere sie <abbr class=\"required\" title=\"ben\u00f6tigt\">*<\/abbr><\/label><\/p><p class=\"hidden\"><input type=\"text\" name=\"avia_13_1\" class=\"hidden \" id=\"avia_13_1\" value=\"\" \/><\/p><p class=\"form_element \"><input type=\"hidden\" value=\"1\" name=\"avia_generated_form1\" \/><input type=\"submit\" value=\"Abschicken\" class=\"button\"  data-sending-label=\"Sende\"\/><\/p><\/fieldset><\/form><div id=\"ajaxresponse_1\" class=\"ajaxresponse ajaxresponse_1 hidden\"><\/div><\/p><\/div>\n\n<style type=\"text\/css\" data-created_by=\"avia_inline_auto\" id=\"style-css-av-375p4y-a39ddde5c3ef25aaf8d7994141aa1b62\">\n.avia-image-container.av-375p4y-a39ddde5c3ef25aaf8d7994141aa1b62 img.avia_image{\nbox-shadow:none;\n}\n.avia-image-container.av-375p4y-a39ddde5c3ef25aaf8d7994141aa1b62 .av-image-caption-overlay-center{\ncolor:#ffffff;\n}\n<\/style>\n<div  class='avia-image-container av-375p4y-a39ddde5c3ef25aaf8d7994141aa1b62 av-styling- avia-align-center  avia-builder-el-8  el_after_av_three_fifth  avia-builder-el-last '   itemprop=\"image\" itemscope=\"itemscope\" itemtype=\"https:\/\/schema.org\/ImageObject\" ><div class=\"avia-image-container-inner\"><div class=\"avia-image-overlay-wrap\"><img decoding=\"async\" fetchpriority=\"high\" class='wp-image-379 avia-img-lazy-loading-not-379 avia_image ' src=\"https:\/\/www.morchem.com\/wp-content\/uploads\/2016\/11\/morchem-footer.jpg\" alt='' title='morchem-footer'  height=\"168\" width=\"1085\"  itemprop=\"thumbnailUrl\" srcset=\"https:\/\/www.morchem.com\/wp-content\/uploads\/2016\/11\/morchem-footer.jpg 1085w, https:\/\/www.morchem.com\/wp-content\/uploads\/2016\/11\/morchem-footer-300x46.jpg 300w, https:\/\/www.morchem.com\/wp-content\/uploads\/2016\/11\/morchem-footer-768x119.jpg 768w, https:\/\/www.morchem.com\/wp-content\/uploads\/2016\/11\/morchem-footer-1030x159.jpg 1030w, https:\/\/www.morchem.com\/wp-content\/uploads\/2016\/11\/morchem-footer-705x109.jpg 705w, https:\/\/www.morchem.com\/wp-content\/uploads\/2016\/11\/morchem-footer-450x70.jpg 450w\" sizes=\"(max-width: 1085px) 100vw, 1085px\" \/><\/div><\/div><\/div>\n","protected":false},"excerpt":{"rendered":"","protected":false},"author":1,"featured_media":0,"parent":0,"menu_order":0,"comment_status":"closed","ping_status":"closed","template":"","meta":{"footnotes":""},"class_list":["post-1698","page","type-page","status-publish","hentry"],"_links":{"self":[{"href":"https:\/\/www.morchem.com\/de\/wp-json\/wp\/v2\/pages\/1698","targetHints":{"allow":["GET"]}}],"collection":[{"href":"https:\/\/www.morchem.com\/de\/wp-json\/wp\/v2\/pages"}],"about":[{"href":"https:\/\/www.morchem.com\/de\/wp-json\/wp\/v2\/types\/page"}],"author":[{"embeddable":true,"href":"https:\/\/www.morchem.com\/de\/wp-json\/wp\/v2\/users\/1"}],"replies":[{"embeddable":true,"href":"https:\/\/www.morchem.com\/de\/wp-json\/wp\/v2\/comments?post=1698"}],"version-history":[{"count":21,"href":"https:\/\/www.morchem.com\/de\/wp-json\/wp\/v2\/pages\/1698\/revisions"}],"predecessor-version":[{"id":6190,"href":"https:\/\/www.morchem.com\/de\/wp-json\/wp\/v2\/pages\/1698\/revisions\/6190"}],"wp:attachment":[{"href":"https:\/\/www.morchem.com\/de\/wp-json\/wp\/v2\/media?parent=1698"}],"curies":[{"name":"wp","href":"https:\/\/api.w.org\/{rel}","templated":true}]}}