{"id":1689,"date":"2016-11-17T12:22:25","date_gmt":"2016-11-17T12:22:25","guid":{"rendered":"https:\/\/www.morchem.com\/innovation\/"},"modified":"2017-04-19T11:32:15","modified_gmt":"2017-04-19T10:32:15","slug":"innovation","status":"publish","type":"page","link":"https:\/\/www.morchem.com\/de\/innovation\/","title":{"rendered":"Innovation"},"content":{"rendered":"<div id='full_slider_1'  class='avia-fullwidth-slider main_color avia-shadow   avia-builder-el-0  el_before_av_icon_box  avia-builder-el-first   container_wrap sidebar_right'  >\n<style type=\"text\/css\" data-created_by=\"avia_inline_auto\" id=\"style-css-av-av_slideshow_full-5d43da258fa997ce0c7877842c2aa532\">\n#top #wrap_all .avia-slideshow .av-slideshow-caption.av-av_slideshow_full-5d43da258fa997ce0c7877842c2aa532__0 .avia-caption-title{\nfont-size:45px;\n}\n<\/style>\n<div  class='avia-slideshow av-av_slideshow_full-5d43da258fa997ce0c7877842c2aa532 avia-slideshow-featured av_slideshow_full avia-fade-slider av-slideshow-ui av-control-minimal av-slideshow-manual av-loop-once av-loop-manual-endless av-default-height-applied   avia-slideshow-1' data-slideshow-options=\"{&quot;animation&quot;:&quot;fade&quot;,&quot;autoplay&quot;:false,&quot;loop_autoplay&quot;:&quot;once&quot;,&quot;interval&quot;:5,&quot;loop_manual&quot;:&quot;manual-endless&quot;,&quot;autoplay_stopper&quot;:false,&quot;noNavigation&quot;:false,&quot;bg_slider&quot;:false,&quot;keep_padding&quot;:false,&quot;hoverpause&quot;:false,&quot;show_slide_delay&quot;:0}\"  itemprop=\"image\" itemscope=\"itemscope\" itemtype=\"https:\/\/schema.org\/ImageObject\" ><ul class='avia-slideshow-inner ' style='padding-bottom: 26.666666666667%;'><li  class='avia-slideshow-slide av-av_slideshow_full-5d43da258fa997ce0c7877842c2aa532__0  av-single-slide slide-1 slide-odd'><div data-rel='slideshow-1' class='avia-slide-wrap '   ><img decoding=\"async\" fetchpriority=\"high\" class=\"wp-image-583 avia-img-lazy-loading-not-583\"  src=\"https:\/\/www.morchem.com\/wp-content\/uploads\/2016\/11\/innovation-interior-1500x400.jpg\" width=\"1500\" height=\"400\" title='innovation-interior' alt=''  itemprop=\"thumbnailUrl\"  style='min-height:250px; min-width:938px; ' srcset=\"https:\/\/www.morchem.com\/wp-content\/uploads\/2016\/11\/innovation-interior.jpg 1500w, https:\/\/www.morchem.com\/wp-content\/uploads\/2016\/11\/innovation-interior-300x80.jpg 300w, https:\/\/www.morchem.com\/wp-content\/uploads\/2016\/11\/innovation-interior-768x205.jpg 768w, https:\/\/www.morchem.com\/wp-content\/uploads\/2016\/11\/innovation-interior-1030x275.jpg 1030w, https:\/\/www.morchem.com\/wp-content\/uploads\/2016\/11\/innovation-interior-705x188.jpg 705w, https:\/\/www.morchem.com\/wp-content\/uploads\/2016\/11\/innovation-interior-450x120.jpg 450w\" sizes=\"(max-width: 1500px) 100vw, 1500px\" \/><\/div><\/li><\/ul><\/div><\/div><div id='after_full_slider_1'  class='main_color av_default_container_wrap container_wrap sidebar_right'  ><div class='container av-section-cont-open' ><div class='template-page content  av-content-small alpha units'><div class='post-entry post-entry-type-page post-entry-1689'><div class='entry-content-wrapper clearfix'>\n\n<style type=\"text\/css\" data-created_by=\"avia_inline_auto\" id=\"style-css-av-av_icon_box-c1d5f0725df9026a11109c3feb70517e\">\n.iconbox.av-av_icon_box-c1d5f0725df9026a11109c3feb70517e .iconbox_icon{\ncolor:#d10a10;\n}\n.iconbox.av-av_icon_box-c1d5f0725df9026a11109c3feb70517e .iconbox_icon.avia-svg-icon svg:first-child{\nfill:#d10a10;\nstroke:#d10a10;\n}\n<\/style>\n<article  class='iconbox iconbox_left av-av_icon_box-c1d5f0725df9026a11109c3feb70517e  avia-builder-el-1  el_after_av_slideshow_full  el_before_av_hr  avia-builder-el-first '  itemscope=\"itemscope\" itemtype=\"https:\/\/schema.org\/CreativeWork\" ><div class=\"iconbox_content\"><header class=\"entry-content-header\" aria-label=\"Icon: INNOVATION\"><div class='iconbox_icon heading-color avia-iconfont avia-font-entypo-fontello' data-av_icon='\ue898' data-av_iconfont='entypo-fontello'  ><\/div><h3 class='iconbox_content_title '  itemprop=\"headline\" >INNOVATION<\/h3><\/header><div class='iconbox_content_container '  itemprop=\"text\" ><\/div><\/div><footer class=\"entry-footer\"><\/footer><\/article>\n\n<style type=\"text\/css\" data-created_by=\"avia_inline_auto\" id=\"style-css-av-av_hr-2f995efddba7b04bc76325f528e81c26\">\n#top .hr.av-av_hr-2f995efddba7b04bc76325f528e81c26{\nmargin-top:00px;\nmargin-bottom:10px;\n}\n.hr.av-av_hr-2f995efddba7b04bc76325f528e81c26 .hr-inner{\nwidth:100%;\nborder-color:#d10a10;\n}\n<\/style>\n<div  class='hr av-av_hr-2f995efddba7b04bc76325f528e81c26 hr-custom  avia-builder-el-2  el_after_av_icon_box  el_before_av_section  avia-builder-el-last  hr-center hr-icon-no'><span class='hr-inner inner-border-av-border-thin'><span class=\"hr-inner-style\"><\/span><\/span><\/div>\n<\/div><\/div><\/div><!-- close content main div --><\/div><\/div><div id='av_section_1'  class='avia-section av-av_section-f5416f04ad720a2c47933a0c3c5c9f4d main_color avia-section-no-padding avia-no-border-styling  avia-builder-el-3  el_after_av_hr  el_before_av_image  avia-bg-style-scroll container_wrap sidebar_right'  ><div class='container av-section-cont-open' ><div class='template-page content  av-content-small alpha units'><div class='post-entry post-entry-type-page post-entry-1689'><div class='entry-content-wrapper clearfix'>\n\n<style type=\"text\/css\" data-created_by=\"avia_inline_auto\" id=\"style-css-av-av_one_fourth-d71a51a707c4656b37c9afbbd6138215\">\n.flex_column.av-av_one_fourth-d71a51a707c4656b37c9afbbd6138215{\nborder-radius:0px 0px 0px 0px;\npadding:0px 0px 0px 0px;\n}\n<\/style>\n<div  class='flex_column av-av_one_fourth-d71a51a707c4656b37c9afbbd6138215 av_one_fourth  avia-builder-el-4  el_before_av_one_fourth  avia-builder-el-first  first flex_column_div av-animated-generic bottom-to-top av-zero-column-padding  '     ><p>\n<style type=\"text\/css\" data-created_by=\"avia_inline_auto\" id=\"style-css-av-av_image-ac8dc15c6c06985b82fd5fd8cf8d0ea7\">\n.avia-image-container.av-av_image-ac8dc15c6c06985b82fd5fd8cf8d0ea7 img.avia_image{\nbox-shadow:none;\n}\n.avia-image-container.av-av_image-ac8dc15c6c06985b82fd5fd8cf8d0ea7 .av-image-caption-overlay-center{\ncolor:#ffffff;\n}\n<\/style>\n<div  class='avia-image-container av-av_image-ac8dc15c6c06985b82fd5fd8cf8d0ea7 av-styling- av-img-linked avia-align-center  avia-builder-el-5  el_before_av_icon_box  avia-builder-el-first '   itemprop=\"image\" itemscope=\"itemscope\" itemtype=\"https:\/\/schema.org\/ImageObject\" ><div class=\"avia-image-container-inner\"><div class=\"avia-image-overlay-wrap\"><a href=\"https:\/\/www.morchem.com\/de\/innovation\/forschung-und-entwicklung\/\" class='avia_image '  aria-label='rd'><img decoding=\"async\" fetchpriority=\"high\" class='wp-image-3951 avia-img-lazy-loading-not-3951 avia_image ' src=\"https:\/\/www.morchem.com\/wp-content\/uploads\/2015\/10\/rd.jpg\" alt='' title='rd'  height=\"150\" width=\"225\"  itemprop=\"thumbnailUrl\"  \/><\/a><\/div><\/div><\/div><br \/>\n\n<style type=\"text\/css\" data-created_by=\"avia_inline_auto\" id=\"style-css-av-av_icon_box-8446a646c59e84574effc2666d8a7f09\">\n.iconbox.av-av_icon_box-8446a646c59e84574effc2666d8a7f09 .iconbox_icon{\ncolor:#d10a10;\n}\n.iconbox.av-av_icon_box-8446a646c59e84574effc2666d8a7f09 .iconbox_icon.avia-svg-icon svg:first-child{\nfill:#d10a10;\nstroke:#d10a10;\n}\n<\/style>\n<article  class='iconbox iconbox_left av-av_icon_box-8446a646c59e84574effc2666d8a7f09  avia-builder-el-6  el_after_av_image  el_before_av_textblock '  itemscope=\"itemscope\" itemtype=\"https:\/\/schema.org\/CreativeWork\" ><div class=\"iconbox_content\"><header class=\"entry-content-header\" aria-label=\"Icon: FORSCHUNG UND ENTWICKLUNG\"><div class='iconbox_icon heading-color avia-iconfont avia-font-entypo-fontello' data-av_icon='\ue898' data-av_iconfont='entypo-fontello'  ><\/div><h3 class='iconbox_content_title '  itemprop=\"headline\" >FORSCHUNG UND ENTWICKLUNG<\/h3><\/header><div class='iconbox_content_container '  itemprop=\"text\" ><\/div><\/div><footer class=\"entry-footer\"><\/footer><\/article><br \/>\n<section  class='av_textblock_section av-av_textblock-0366cc7376be6c9e82a3e9cc8987b64f '   itemscope=\"itemscope\" itemtype=\"https:\/\/schema.org\/CreativeWork\" ><div class='avia_textblock'  itemprop=\"text\" ><p>Wir sind als innovatives Unternehmen danach ausgerichtet, unseren Kunden die besten Produkte und die ad\u00e4quatesten L\u00f6sungen f\u00fcr deren Anwendungen an die Hand zu geben.<\/p>\n<p><a href=\"https:\/\/www.morchem.com\/de\/innovation\/forschung-und-entwicklung\/\">&gt;&gt; Mehr<\/a><\/p>\n<\/div><\/section><\/p><\/div>\n<style type=\"text\/css\" data-created_by=\"avia_inline_auto\" id=\"style-css-av-av_one_fourth-93bea18e2ccb60552a17080633244dec\">\n.flex_column.av-av_one_fourth-93bea18e2ccb60552a17080633244dec{\nborder-radius:0px 0px 0px 0px;\npadding:0px 0px 0px 0px;\n}\n<\/style>\n<div  class='flex_column av-av_one_fourth-93bea18e2ccb60552a17080633244dec av_one_fourth  avia-builder-el-8  el_after_av_one_fourth  el_before_av_one_fourth  flex_column_div av-animated-generic bottom-to-top av-zero-column-padding  '     ><p>\n<style type=\"text\/css\" data-created_by=\"avia_inline_auto\" id=\"style-css-av-av_image-507505ddec00d40404c4911c23c77c04\">\n.avia-image-container.av-av_image-507505ddec00d40404c4911c23c77c04 img.avia_image{\nbox-shadow:none;\n}\n.avia-image-container.av-av_image-507505ddec00d40404c4911c23c77c04 .av-image-caption-overlay-center{\ncolor:#ffffff;\n}\n<\/style>\n<div  class='avia-image-container av-av_image-507505ddec00d40404c4911c23c77c04 av-styling- av-img-linked avia-align-center  avia-builder-el-9  el_before_av_icon_box  avia-builder-el-first '   itemprop=\"image\" itemscope=\"itemscope\" itemtype=\"https:\/\/schema.org\/ImageObject\" ><div class=\"avia-image-container-inner\"><div class=\"avia-image-overlay-wrap\"><a href=\"https:\/\/www.morchem.com\/de\/innovation\/customer-care\/\" class='avia_image '  aria-label='customer-care'><img decoding=\"async\" fetchpriority=\"high\" class='wp-image-8142 avia-img-lazy-loading-not-8142 avia_image ' src=\"https:\/\/www.morchem.com\/wp-content\/uploads\/2016\/11\/customer-care.jpg\" alt='' title='customer-care'  height=\"150\" width=\"225\"  itemprop=\"thumbnailUrl\"  \/><\/a><\/div><\/div><\/div><br \/>\n\n<style type=\"text\/css\" data-created_by=\"avia_inline_auto\" id=\"style-css-av-av_icon_box-cdabf42ed2cb3b7c8d8590ba5c894837\">\n.iconbox.av-av_icon_box-cdabf42ed2cb3b7c8d8590ba5c894837 .iconbox_icon{\ncolor:#d10a10;\n}\n.iconbox.av-av_icon_box-cdabf42ed2cb3b7c8d8590ba5c894837 .iconbox_icon.avia-svg-icon svg:first-child{\nfill:#d10a10;\nstroke:#d10a10;\n}\n<\/style>\n<article  class='iconbox iconbox_left av-av_icon_box-cdabf42ed2cb3b7c8d8590ba5c894837  avia-builder-el-10  el_after_av_image  el_before_av_textblock '  itemscope=\"itemscope\" itemtype=\"https:\/\/schema.org\/CreativeWork\" ><div class=\"iconbox_content\"><header class=\"entry-content-header\" aria-label=\"Icon: CONSUMER CARE\"><div class='iconbox_icon heading-color avia-iconfont avia-font-entypo-fontello' data-av_icon='\ue898' data-av_iconfont='entypo-fontello'  ><\/div><h3 class='iconbox_content_title '  itemprop=\"headline\" >CONSUMER CARE<\/h3><\/header><div class='iconbox_content_container '  itemprop=\"text\" ><\/div><\/div><footer class=\"entry-footer\"><\/footer><\/article><br \/>\n<section  class='av_textblock_section av-av_textblock-0366cc7376be6c9e82a3e9cc8987b64f '   itemscope=\"itemscope\" itemtype=\"https:\/\/schema.org\/CreativeWork\" ><div class='avia_textblock'  itemprop=\"text\" ><p>Unsere h\u00f6chste Priorit\u00e4t ist, ein umfangreiches Angebot an Produkten und L\u00f6sungen anzubieten, die dazu beitragen, besten Kundenservice zu garantieren.<\/p>\n<p><a href=\"https:\/\/www.morchem.com\/de\/innovation\/customer-care\/\">&gt;&gt; Mehr<\/a><\/p>\n<\/div><\/section><\/p><\/div>\n<style type=\"text\/css\" data-created_by=\"avia_inline_auto\" id=\"style-css-av-av_one_fourth-93bea18e2ccb60552a17080633244dec\">\n.flex_column.av-av_one_fourth-93bea18e2ccb60552a17080633244dec{\nborder-radius:0px 0px 0px 0px;\npadding:0px 0px 0px 0px;\n}\n<\/style>\n<div  class='flex_column av-av_one_fourth-93bea18e2ccb60552a17080633244dec av_one_fourth  avia-builder-el-12  el_after_av_one_fourth  el_before_av_one_fourth  flex_column_div av-animated-generic bottom-to-top av-zero-column-padding  '     ><p>\n<style type=\"text\/css\" data-created_by=\"avia_inline_auto\" id=\"style-css-av-av_image-e8eee774050cf674d73fe1c86d347fdb\">\n.avia-image-container.av-av_image-e8eee774050cf674d73fe1c86d347fdb img.avia_image{\nbox-shadow:none;\n}\n.avia-image-container.av-av_image-e8eee774050cf674d73fe1c86d347fdb .av-image-caption-overlay-center{\ncolor:#ffffff;\n}\n<\/style>\n<div  class='avia-image-container av-av_image-e8eee774050cf674d73fe1c86d347fdb av-styling- av-img-linked avia-align-center  avia-builder-el-13  el_before_av_icon_box  avia-builder-el-first '   itemprop=\"image\" itemscope=\"itemscope\" itemtype=\"https:\/\/schema.org\/ImageObject\" ><div class=\"avia-image-container-inner\"><div class=\"avia-image-overlay-wrap\"><a href=\"https:\/\/www.morchem.com\/de\/innovation\/leistung\/\" class='avia_image '  aria-label='performance'><img decoding=\"async\" fetchpriority=\"high\" class='wp-image-8143 avia-img-lazy-loading-not-8143 avia_image ' src=\"https:\/\/www.morchem.com\/wp-content\/uploads\/2016\/11\/performance.jpg\" alt='' title='performance'  height=\"150\" width=\"225\"  itemprop=\"thumbnailUrl\"  \/><\/a><\/div><\/div><\/div><br \/>\n\n<style type=\"text\/css\" data-created_by=\"avia_inline_auto\" id=\"style-css-av-av_icon_box-73e77c451a804f5edae1fe147f8a976f\">\n.iconbox.av-av_icon_box-73e77c451a804f5edae1fe147f8a976f .iconbox_icon{\ncolor:#d10a10;\n}\n.iconbox.av-av_icon_box-73e77c451a804f5edae1fe147f8a976f .iconbox_icon.avia-svg-icon svg:first-child{\nfill:#d10a10;\nstroke:#d10a10;\n}\n<\/style>\n<article  class='iconbox iconbox_left av-av_icon_box-73e77c451a804f5edae1fe147f8a976f  avia-builder-el-14  el_after_av_image  el_before_av_textblock '  itemscope=\"itemscope\" itemtype=\"https:\/\/schema.org\/CreativeWork\" ><div class=\"iconbox_content\"><header class=\"entry-content-header\" aria-label=\"Icon: LEISTUNG\"><div class='iconbox_icon heading-color avia-iconfont avia-font-entypo-fontello' data-av_icon='\ue898' data-av_iconfont='entypo-fontello'  ><\/div><h3 class='iconbox_content_title '  itemprop=\"headline\" >LEISTUNG<\/h3><\/header><div class='iconbox_content_container '  itemprop=\"text\" ><\/div><\/div><footer class=\"entry-footer\"><\/footer><\/article><br \/>\n<section  class='av_textblock_section av-av_textblock-0366cc7376be6c9e82a3e9cc8987b64f '   itemscope=\"itemscope\" itemtype=\"https:\/\/schema.org\/CreativeWork\" ><div class='avia_textblock'  itemprop=\"text\" ><p>Wir sind bestrebt, die zunehmende Nachfrage f\u00fcr Hochleistungsstrukturen zu erf\u00fcllen, indem wir sowohl chemische als auch thermische Best\u00e4ndigkeit mit dem Ziel, die Lebensdauer des Endproduktes zu verl\u00e4ngern, anbieten.<\/p>\n<p><a href=\"https:\/\/www.morchem.com\/de\/innovation\/leistung\/\">&gt;&gt; Mehr<\/a><\/p>\n<\/div><\/section><\/p><\/div>\n<style type=\"text\/css\" data-created_by=\"avia_inline_auto\" id=\"style-css-av-av_one_fourth-93bea18e2ccb60552a17080633244dec\">\n.flex_column.av-av_one_fourth-93bea18e2ccb60552a17080633244dec{\nborder-radius:0px 0px 0px 0px;\npadding:0px 0px 0px 0px;\n}\n<\/style>\n<div  class='flex_column av-av_one_fourth-93bea18e2ccb60552a17080633244dec av_one_fourth  avia-builder-el-16  el_after_av_one_fourth  avia-builder-el-last  flex_column_div av-animated-generic bottom-to-top av-zero-column-padding  '     ><p>\n<style type=\"text\/css\" data-created_by=\"avia_inline_auto\" id=\"style-css-av-av_image-8d617f2e4299d2d042b81eadd95b356d\">\n.avia-image-container.av-av_image-8d617f2e4299d2d042b81eadd95b356d img.avia_image{\nbox-shadow:none;\n}\n.avia-image-container.av-av_image-8d617f2e4299d2d042b81eadd95b356d .av-image-caption-overlay-center{\ncolor:#ffffff;\n}\n<\/style>\n<div  class='avia-image-container av-av_image-8d617f2e4299d2d042b81eadd95b356d av-styling- av-img-linked avia-align-center  avia-builder-el-17  el_before_av_icon_box  avia-builder-el-first '   itemprop=\"image\" itemscope=\"itemscope\" itemtype=\"https:\/\/schema.org\/ImageObject\" ><div class=\"avia-image-container-inner\"><div class=\"avia-image-overlay-wrap\"><a href=\"https:\/\/www.morchem.com\/de\/innovation\/nachhaltigkeit\/\" class='avia_image '  aria-label='sustainability'><img decoding=\"async\" fetchpriority=\"high\" class='wp-image-8144 avia-img-lazy-loading-not-8144 avia_image ' src=\"https:\/\/www.morchem.com\/wp-content\/uploads\/2016\/11\/sustainability.jpg\" alt='' title='sustainability'  height=\"150\" width=\"225\"  itemprop=\"thumbnailUrl\"  \/><\/a><\/div><\/div><\/div><br \/>\n\n<style type=\"text\/css\" data-created_by=\"avia_inline_auto\" id=\"style-css-av-av_icon_box-72432a7a30bd978b219fd47c551b21f0\">\n.iconbox.av-av_icon_box-72432a7a30bd978b219fd47c551b21f0 .iconbox_icon{\ncolor:#d10a10;\n}\n.iconbox.av-av_icon_box-72432a7a30bd978b219fd47c551b21f0 .iconbox_icon.avia-svg-icon svg:first-child{\nfill:#d10a10;\nstroke:#d10a10;\n}\n<\/style>\n<article  class='iconbox iconbox_left av-av_icon_box-72432a7a30bd978b219fd47c551b21f0  avia-builder-el-18  el_after_av_image  el_before_av_textblock '  itemscope=\"itemscope\" itemtype=\"https:\/\/schema.org\/CreativeWork\" ><div class=\"iconbox_content\"><header class=\"entry-content-header\" aria-label=\"Icon: NACHHALTIGKEIT\"><div class='iconbox_icon heading-color avia-iconfont avia-font-entypo-fontello' data-av_icon='\ue898' data-av_iconfont='entypo-fontello'  ><\/div><h3 class='iconbox_content_title '  itemprop=\"headline\" >NACHHALTIGKEIT<\/h3><\/header><div class='iconbox_content_container '  itemprop=\"text\" ><\/div><\/div><footer class=\"entry-footer\"><\/footer><\/article><br \/>\n<section  class='av_textblock_section av-av_textblock-0366cc7376be6c9e82a3e9cc8987b64f '   itemscope=\"itemscope\" itemtype=\"https:\/\/schema.org\/CreativeWork\" ><div class='avia_textblock'  itemprop=\"text\" ><p>Wir engagieren uns, die Ressourcen effizienter zu nutzen, um zu einer verbesserten Lebensqualit\u00e4t f\u00fcr die gegenw\u00e4rtigen und f\u00fcr die n\u00e4chsten Generationen beizutragen.<\/p>\n<p><a href=\"https:\/\/www.morchem.com\/de\/innovation\/nachhaltigkeit\/\">&gt;&gt; Mehr<\/a><\/p>\n<\/div><\/section><\/p><\/div><\/div><\/div><\/div><!-- close content main div --><\/div><\/div><div id='after_section_1'  class='main_color av_default_container_wrap container_wrap sidebar_right'  ><div class='container av-section-cont-open' ><div class='template-page content  av-content-small alpha units'><div class='post-entry post-entry-type-page post-entry-1689'><div class='entry-content-wrapper clearfix'>\n<style type=\"text\/css\" data-created_by=\"avia_inline_auto\" id=\"style-css-av-av_image-d3ef920444e0a961c40582bb4e516401\">\n.avia-image-container.av-av_image-d3ef920444e0a961c40582bb4e516401 img.avia_image{\nbox-shadow:none;\n}\n.avia-image-container.av-av_image-d3ef920444e0a961c40582bb4e516401 .av-image-caption-overlay-center{\ncolor:#ffffff;\n}\n<\/style>\n<div  class='avia-image-container av-av_image-d3ef920444e0a961c40582bb4e516401 av-styling- avia-align-center  avia-builder-el-20  el_after_av_section  avia-builder-el-no-sibling '   itemprop=\"image\" itemscope=\"itemscope\" itemtype=\"https:\/\/schema.org\/ImageObject\" ><div class=\"avia-image-container-inner\"><div class=\"avia-image-overlay-wrap\"><img decoding=\"async\" fetchpriority=\"high\" class='wp-image-379 avia-img-lazy-loading-not-379 avia_image ' src=\"https:\/\/www.morchem.com\/wp-content\/uploads\/2016\/11\/morchem-footer.jpg\" alt='' title='morchem-footer'  height=\"168\" width=\"1085\"  itemprop=\"thumbnailUrl\" srcset=\"https:\/\/www.morchem.com\/wp-content\/uploads\/2016\/11\/morchem-footer.jpg 1085w, https:\/\/www.morchem.com\/wp-content\/uploads\/2016\/11\/morchem-footer-300x46.jpg 300w, https:\/\/www.morchem.com\/wp-content\/uploads\/2016\/11\/morchem-footer-768x119.jpg 768w, https:\/\/www.morchem.com\/wp-content\/uploads\/2016\/11\/morchem-footer-1030x159.jpg 1030w, https:\/\/www.morchem.com\/wp-content\/uploads\/2016\/11\/morchem-footer-705x109.jpg 705w, https:\/\/www.morchem.com\/wp-content\/uploads\/2016\/11\/morchem-footer-450x70.jpg 450w\" sizes=\"(max-width: 1085px) 100vw, 1085px\" \/><\/div><\/div><\/div><\/p>\n","protected":false},"excerpt":{"rendered":"","protected":false},"author":1,"featured_media":0,"parent":0,"menu_order":0,"comment_status":"closed","ping_status":"closed","template":"","meta":{"footnotes":""},"class_list":["post-1689","page","type-page","status-publish","hentry"],"_links":{"self":[{"href":"https:\/\/www.morchem.com\/de\/wp-json\/wp\/v2\/pages\/1689","targetHints":{"allow":["GET"]}}],"collection":[{"href":"https:\/\/www.morchem.com\/de\/wp-json\/wp\/v2\/pages"}],"about":[{"href":"https:\/\/www.morchem.com\/de\/wp-json\/wp\/v2\/types\/page"}],"author":[{"embeddable":true,"href":"https:\/\/www.morchem.com\/de\/wp-json\/wp\/v2\/users\/1"}],"replies":[{"embeddable":true,"href":"https:\/\/www.morchem.com\/de\/wp-json\/wp\/v2\/comments?post=1689"}],"version-history":[{"count":0,"href":"https:\/\/www.morchem.com\/de\/wp-json\/wp\/v2\/pages\/1689\/revisions"}],"wp:attachment":[{"href":"https:\/\/www.morchem.com\/de\/wp-json\/wp\/v2\/media?parent=1689"}],"curies":[{"name":"wp","href":"https:\/\/api.w.org\/{rel}","templated":true}]}}